{"id":29067,"date":"2024-02-11T13:29:07","date_gmt":"2024-02-11T12:29:07","guid":{"rendered":"https:\/\/wistitibox.be\/?page_id=29067"},"modified":"2024-09-07T18:37:52","modified_gmt":"2024-09-07T16:37:52","slug":"nos-box","status":"publish","type":"page","link":"https:\/\/wistitibox.be\/?page_id=29067","title":{"rendered":"nos-photomatons"},"content":{"rendered":"<p>[et_pb_section fb_built=\u00a0\u00bb1&Prime; admin_label=\u00a0\u00bbHeader\u00a0\u00bb _builder_version=\u00a0\u00bb4.19.5&Prime; _module_preset=\u00a0\u00bbdefault\u00a0\u00bb background_color=\u00a0\u00bbgcid-1bcf785a-50e1-437b-b09f-65567babc1de\u00a0\u00bb background_image=\u00a0\u00bbhttps:\/\/wistitibox.be\/wp-content\/uploads\/2024\/02\/ai-40c.png\u00a0\u00bb background_size=\u00a0\u00bbcustom\u00a0\u00bb background_image_width=\u00a0\u00bb40%\u00a0\u00bb background_position=\u00a0\u00bbtop_right\u00a0\u00bb collapsed=\u00a0\u00bbon\u00a0\u00bb global_colors_info=\u00a0\u00bb{%22gcid-1bcf785a-50e1-437b-b09f-65567babc1de%22:%91%22background_color%22%93}\u00a0\u00bb][et_pb_row _builder_version=\u00a0\u00bb4.19.2&Prime; _module_preset=\u00a0\u00bbdefault\u00a0\u00bb max_width=\u00a0\u00bb800px\u00a0\u00bb global_colors_info=\u00a0\u00bb{}\u00a0\u00bb][et_pb_column type=\u00a0\u00bb4_4&Prime; _builder_version=\u00a0\u00bb4.19.2&Prime; _module_preset=\u00a0\u00bbdefault\u00a0\u00bb global_colors_info=\u00a0\u00bb{}\u00a0\u00bb][et_pb_text _builder_version=\u00a0\u00bb4.24.0&Prime; _module_preset=\u00a0\u00bb4047f141-b34c-4c4c-9903-4ee226f9ac60&Prime; text_orientation=\u00a0\u00bbcenter\u00a0\u00bb custom_margin=\u00a0\u00bb||10px||false|false\u00a0\u00bb global_colors_info=\u00a0\u00bb{}\u00a0\u00bb]<\/p>\n<h1>Nos box<\/h1>\n<p>[\/et_pb_text][et_pb_text _builder_version=\u00a0\u00bb4.24.0&Prime; _module_preset=\u00a0\u00bb3fb94fb5-b383-4a00-bd86-1ffa3cbc2a34&Prime; text_orientation=\u00a0\u00bbcenter\u00a0\u00bb global_colors_info=\u00a0\u00bb{}\u00a0\u00bb]<\/p>\n<h4>Gr\u00e2ce \u00e0 nos diff\u00e9rentes formules, trouver la location de photomaton qui vous convient<\/h4>\n<p>[\/et_pb_text][\/et_pb_column][\/et_pb_row][\/et_pb_section][et_pb_section fb_built=\u00a0\u00bb1&Prime; admin_label=\u00a0\u00bbStats\u00a0\u00bb _builder_version=\u00a0\u00bb4.19.5&Prime; _module_preset=\u00a0\u00bbdefault\u00a0\u00bb background_color=\u00a0\u00bbgcid-1bcf785a-50e1-437b-b09f-65567babc1de\u00a0\u00bb collapsed=\u00a0\u00bbon\u00a0\u00bb global_colors_info=\u00a0\u00bb{%22gcid-1bcf785a-50e1-437b-b09f-65567babc1de%22:%91%22background_color%22%93}\u00a0\u00bb][et_pb_row column_structure=\u00a0\u00bb1_3,1_3,1_3&Prime; use_custom_gutter=\u00a0\u00bbon\u00a0\u00bb gutter_width=\u00a0\u00bb2&Prime; custom_padding_last_edited=\u00a0\u00bbon|tablet\u00a0\u00bb _builder_version=\u00a0\u00bb4.19.5&Prime; _module_preset=\u00a0\u00bbdefault\u00a0\u00bb background_color=\u00a0\u00bbgcid-f1f9244b-c8ab-43e1-95c3-c0bdf69ac7b5&Prime; custom_padding=\u00a0\u00bb40px|40px|40px|40px|true|true\u00a0\u00bb custom_padding_tablet=\u00a0\u00bb30px|30px|30px|30px|true|true\u00a0\u00bb custom_padding_phone=\u00a0\u00bb20px|20px|20px|20px|true|true\u00a0\u00bb border_radii=\u00a0\u00bbon|40px|40px|40px|40px\u00a0\u00bb global_colors_info=\u00a0\u00bb{%22gcid-f1f9244b-c8ab-43e1-95c3-c0bdf69ac7b5%22:%91%22background_color%22%93}\u00a0\u00bb][et_pb_column type=\u00a0\u00bb1_3&Prime; _builder_version=\u00a0\u00bb4.19.2&Prime; _module_preset=\u00a0\u00bbdefault\u00a0\u00bb global_colors_info=\u00a0\u00bb{}\u00a0\u00bb][et_pb_text _builder_version=\u00a0\u00bb4.24.0&Prime; _module_preset=\u00a0\u00bb9cb65d03-24f6-4a42-b687-ebd3489ed26f\u00a0\u00bb header_3_text_color=\u00a0\u00bb#0C71C3&Prime; text_orientation=\u00a0\u00bbcenter\u00a0\u00bb custom_margin=\u00a0\u00bb||0px||false|false\u00a0\u00bb locked=\u00a0\u00bboff\u00a0\u00bb global_colors_info=\u00a0\u00bb{}\u00a0\u00bb]<\/p>\n<h3>Wistitibox Digitale<\/h3>\n<p>[\/et_pb_text][et_pb_text _builder_version=\u00a0\u00bb4.24.0&Prime; _module_preset=\u00a0\u00bb3610ff21-bd31-4e6c-9a44-ee41bbfcdbbf\u00a0\u00bb text_font=\u00a0\u00bb||on||||||\u00a0\u00bb text_text_color=\u00a0\u00bb#FFFFFF\u00a0\u00bb text_font_size=\u00a0\u00bb17px\u00a0\u00bb text_line_height=\u00a0\u00bb1.6em\u00a0\u00bb ul_font=\u00a0\u00bb||on||||||\u00a0\u00bb ul_text_color=\u00a0\u00bb#FFFFFF\u00a0\u00bb ul_font_size=\u00a0\u00bb19px\u00a0\u00bb header_4_text_color=\u00a0\u00bb#FFFFFF\u00a0\u00bb text_orientation=\u00a0\u00bbcenter\u00a0\u00bb locked=\u00a0\u00bboff\u00a0\u00bb global_colors_info=\u00a0\u00bb{}\u00a0\u00bb]<\/p>\n<p style=\"text-align: center;\"><span>Box avec son pied<\/span><\/p>\n<p style=\"text-align: center;\"><span>Photos digitales illimit\u00e9es<\/span><\/p>\n<p style=\"text-align: center;\"><span>WhatsApp et Mail illimit\u00e9<\/span><\/p>\n<p style=\"text-align: center;\"><span>Supports de 9h \u00e0 21h<\/span><\/p>\n<p>[\/et_pb_text][\/et_pb_column][et_pb_column type=\u00a0\u00bb1_3&Prime; _builder_version=\u00a0\u00bb4.19.2&Prime; _module_preset=\u00a0\u00bbdefault\u00a0\u00bb global_colors_info=\u00a0\u00bb{}\u00a0\u00bb][et_pb_text _builder_version=\u00a0\u00bb4.24.0&Prime; _module_preset=\u00a0\u00bb9cb65d03-24f6-4a42-b687-ebd3489ed26f\u00a0\u00bb text_text_color=\u00a0\u00bb#FFFFFF\u00a0\u00bb header_text_color=\u00a0\u00bb#0C71C3&Prime; header_3_text_color=\u00a0\u00bb#0C71C3&Prime; text_orientation=\u00a0\u00bbcenter\u00a0\u00bb custom_margin=\u00a0\u00bb||0px||false|false\u00a0\u00bb locked=\u00a0\u00bboff\u00a0\u00bb global_colors_info=\u00a0\u00bb{}\u00a0\u00bb]<\/p>\n<h3>Wistitibox avec impressions<\/h3>\n<p>[\/et_pb_text][et_pb_text _builder_version=\u00a0\u00bb4.24.0&Prime; _module_preset=\u00a0\u00bb3610ff21-bd31-4e6c-9a44-ee41bbfcdbbf\u00a0\u00bb text_font=\u00a0\u00bb||on||||||\u00a0\u00bb text_text_color=\u00a0\u00bb#FFFFFF\u00a0\u00bb text_font_size=\u00a0\u00bb17px\u00a0\u00bb text_line_height=\u00a0\u00bb1.6em\u00a0\u00bb ul_font=\u00a0\u00bb||on||||||\u00a0\u00bb ul_text_color=\u00a0\u00bb#FFFFFF\u00a0\u00bb ul_font_size=\u00a0\u00bb19px\u00a0\u00bb header_4_text_color=\u00a0\u00bb#FFFFFF\u00a0\u00bb text_orientation=\u00a0\u00bbcenter\u00a0\u00bb locked=\u00a0\u00bboff\u00a0\u00bb global_colors_info=\u00a0\u00bb{}\u00a0\u00bb]<\/p>\n<p style=\"text-align: center;\"><span>Box avec son pied<\/span><\/p>\n<p style=\"text-align: center;\"><span>Photos digitales illimit\u00e9es<\/span><\/p>\n<p style=\"text-align: center;\"><span>WhatsApp et Mail illimit\u00e9<\/span><\/p>\n<p style=\"text-align: center;\"><span>Supports de 9h \u00e0 21h<\/span><\/p>\n<p>[\/et_pb_text][\/et_pb_column][et_pb_column type=\u00a0\u00bb1_3&Prime; _builder_version=\u00a0\u00bb4.19.2&Prime; _module_preset=\u00a0\u00bbdefault\u00a0\u00bb global_colors_info=\u00a0\u00bb{}\u00a0\u00bb][et_pb_text _builder_version=\u00a0\u00bb4.24.0&Prime; _module_preset=\u00a0\u00bb9cb65d03-24f6-4a42-b687-ebd3489ed26f\u00a0\u00bb text_text_color=\u00a0\u00bb#FFFFFF\u00a0\u00bb header_text_color=\u00a0\u00bb#0C71C3&Prime; header_3_text_color=\u00a0\u00bb#0C71C3&Prime; text_orientation=\u00a0\u00bbcenter\u00a0\u00bb custom_margin=\u00a0\u00bb||0px||false|false\u00a0\u00bb locked=\u00a0\u00bboff\u00a0\u00bb global_colors_info=\u00a0\u00bb{}\u00a0\u00bb]<\/p>\n<h3>Accessoires<\/h3>\n<p>[\/et_pb_text][et_pb_text _builder_version=\u00a0\u00bb4.24.0&Prime; _module_preset=\u00a0\u00bb3610ff21-bd31-4e6c-9a44-ee41bbfcdbbf\u00a0\u00bb text_font=\u00a0\u00bb||on||||||\u00a0\u00bb text_text_color=\u00a0\u00bb#FFFFFF\u00a0\u00bb text_font_size=\u00a0\u00bb17px\u00a0\u00bb text_line_height=\u00a0\u00bb1.6em\u00a0\u00bb ul_font=\u00a0\u00bb||on||||||\u00a0\u00bb ul_text_color=\u00a0\u00bb#FFFFFF\u00a0\u00bb ul_font_size=\u00a0\u00bb19px\u00a0\u00bb header_4_text_color=\u00a0\u00bb#FFFFFF\u00a0\u00bb text_orientation=\u00a0\u00bbcenter\u00a0\u00bb locked=\u00a0\u00bboff\u00a0\u00bb global_colors_info=\u00a0\u00bb{}\u00a0\u00bb]<\/p>\n<p><span>Cadre fun a gonfl\u00e9<\/span><\/p>\n<p><span>Accessoires, moustaches, masque, loup, etc\u2026<\/span><\/p>\n<p><span>Cadre personnalis\u00e9 en PVC (Vendu en souvenir)<\/span><\/p>\n<p><span>Masque pour enfants (super h\u00e9ros)<\/span><\/p>\n<p>[\/et_pb_text][\/et_pb_column][\/et_pb_row][\/et_pb_section][et_pb_section fb_built=\u00a0\u00bb1&Prime; admin_label=\u00a0\u00bbVideo\u00a0\u00bb _builder_version=\u00a0\u00bb4.19.5&Prime; _module_preset=\u00a0\u00bbdefault\u00a0\u00bb background_color=\u00a0\u00bb#0F0122&Prime; custom_padding=\u00a0\u00bb||||false|false\u00a0\u00bb collapsed=\u00a0\u00bbon\u00a0\u00bb global_colors_info=\u00a0\u00bb{}\u00a0\u00bb][et_pb_row column_structure=\u00a0\u00bb1_2,1_2&Prime; use_custom_gutter=\u00a0\u00bbon\u00a0\u00bb gutter_width=\u00a0\u00bb2&Prime; custom_padding_last_edited=\u00a0\u00bbon|tablet\u00a0\u00bb _builder_version=\u00a0\u00bb4.19.5&Prime; _module_preset=\u00a0\u00bbdefault\u00a0\u00bb background_color=\u00a0\u00bbgcid-f1f9244b-c8ab-43e1-95c3-c0bdf69ac7b5&Prime; custom_padding=\u00a0\u00bb40px|40px|40px|40px|true|true\u00a0\u00bb custom_padding_tablet=\u00a0\u00bb30px|30px|30px|30px|true|true\u00a0\u00bb custom_padding_phone=\u00a0\u00bb20px|20px|20px|20px|true|true\u00a0\u00bb border_radii=\u00a0\u00bbon|40px|40px|40px|40px\u00a0\u00bb global_colors_info=\u00a0\u00bb{%22gcid-f1f9244b-c8ab-43e1-95c3-c0bdf69ac7b5%22:%91%22background_color%22%93}\u00a0\u00bb][et_pb_column type=\u00a0\u00bb1_2&Prime; _builder_version=\u00a0\u00bb4.19.2&Prime; _module_preset=\u00a0\u00bbdefault\u00a0\u00bb global_colors_info=\u00a0\u00bb{}\u00a0\u00bb][et_pb_text _builder_version=\u00a0\u00bb4.24.0&Prime; _module_preset=\u00a0\u00bbdefault\u00a0\u00bb text_text_color=\u00a0\u00bb#FFFFFF\u00a0\u00bb text_font_size=\u00a0\u00bb33px\u00a0\u00bb global_colors_info=\u00a0\u00bb{}\u00a0\u00bb]<\/p>\n<p>Inclus dans nos packs<\/p>\n<p>[\/et_pb_text][et_pb_text _builder_version=\u00a0\u00bb4.24.0&Prime; _module_preset=\u00a0\u00bbdefault\u00a0\u00bb text_text_color=\u00a0\u00bb#FFFFFF\u00a0\u00bb global_colors_info=\u00a0\u00bb{}\u00a0\u00bb]<\/p>\n<ul class=\"list-unstyled p_list bebooth p-0\">\n<li>Photos illimit\u00e9es<\/li>\n<li>Impressions instantan\u00e9es<\/li>\n<li>Formats 10&#215;15 et bandes 5&#215;15<\/li>\n<li>Personnalisation de votre photo<\/li>\n<li>Filtres photos<\/li>\n<li>Gifs Anim\u00e9s<\/li>\n<li>Vid\u00e9os acc\u00e9l\u00e9r\u00e9es<\/li>\n<li>Vid\u00e9os boomerang<\/li>\n<li><b>Stockage des photos et vid\u00e9os pendant 6 mois<\/b><\/li>\n<li>Acc\u00e8s instantan\u00e9 \u00e0 toutes les photos et vid\u00e9os en ligne<\/li>\n<li>Partage R\u00e9seaux Sociaux<\/li>\n<li><b>Recevez vos photos et vid\u00e9os sur WhatsApp !<\/b><\/li>\n<li><b>Connexion 4G<\/b><\/li>\n<\/ul>\n<p>[\/et_pb_text][\/et_pb_column][et_pb_column type=\u00a0\u00bb1_2&Prime; _builder_version=\u00a0\u00bb4.19.2&Prime; _module_preset=\u00a0\u00bbdefault\u00a0\u00bb global_colors_info=\u00a0\u00bb{}\u00a0\u00bb][et_pb_image src=\u00a0\u00bbhttps:\/\/wistitibox.be\/wp-content\/uploads\/2024\/02\/Design-sans-titre-6-1.png\u00a0\u00bb title_text=\u00a0\u00bbDesign sans titre (6)\u00a0\u00bb _builder_version=\u00a0\u00bb4.24.0&Prime; _module_preset=\u00a0\u00bbdefault\u00a0\u00bb global_colors_info=\u00a0\u00bb{}\u00a0\u00bb][\/et_pb_image][\/et_pb_column][\/et_pb_row][\/et_pb_section][et_pb_section fb_built=\u00a0\u00bb1&Prime; theme_builder_area=\u00a0\u00bbpost_content\u00a0\u00bb _builder_version=\u00a0\u00bb4.24.0&Prime; _module_preset=\u00a0\u00bbdefault\u00a0\u00bb background_color=\u00a0\u00bb#0f0122&Prime;][et_pb_row _builder_version=\u00a0\u00bb4.24.0&Prime; _module_preset=\u00a0\u00bbdefault\u00a0\u00bb global_colors_info=\u00a0\u00bb{}\u00a0\u00bb locked=\u00a0\u00bboff\u00a0\u00bb theme_builder_area=\u00a0\u00bbpost_content\u00a0\u00bb][et_pb_column type=\u00a0\u00bb4_4&Prime; _builder_version=\u00a0\u00bb4.24.0&Prime; _module_preset=\u00a0\u00bbdefault\u00a0\u00bb global_colors_info=\u00a0\u00bb{}\u00a0\u00bb theme_builder_area=\u00a0\u00bbpost_content\u00a0\u00bb][et_pb_button button_url=\u00a0\u00bb@ET-DC@eyJkeW5hbWljIjp0cnVlLCJjb250ZW50IjoicG9zdF9saW5rX3VybF9wYWdlIiwic2V0dGluZ3MiOnsicG9zdF9pZCI6IjI5MDgyIn19@\u00a0\u00bb button_text=\u00a0\u00bbR\u00e9servation\u00a0\u00bb button_alignment=\u00a0\u00bbcenter\u00a0\u00bb _builder_version=\u00a0\u00bb4.24.0&Prime; _dynamic_attributes=\u00a0\u00bbbutton_url\u00a0\u00bb _module_preset=\u00a0\u00bbdefault\u00a0\u00bb custom_button=\u00a0\u00bbon\u00a0\u00bb button_text_size=\u00a0\u00bb29px\u00a0\u00bb button_bg_color=\u00a0\u00bb#0C71C3&Prime; button_border_width=\u00a0\u00bb1px\u00a0\u00bb button_border_radius=\u00a0\u00bb63px\u00a0\u00bb button_icon=\u00a0\u00bb&#x3d;||divi||400&Prime; transform_scale=\u00a0\u00bb108%|108%\u00a0\u00bb background_layout=\u00a0\u00bbdark\u00a0\u00bb global_colors_info=\u00a0\u00bb{}\u00a0\u00bb theme_builder_area=\u00a0\u00bbpost_content\u00a0\u00bb][\/et_pb_button][\/et_pb_column][\/et_pb_row][\/et_pb_section]<\/p>\n","protected":false},"excerpt":{"rendered":"<p>Nos boxGr\u00e2ce \u00e0 nos diff\u00e9rentes formules, trouver la location de photomaton qui vous convientWistitibox DigitaleBox avec son pied Photos digitales illimit\u00e9es WhatsApp et Mail illimit\u00e9 Supports de 9h \u00e0 21hWistitibox avec impressionsBox avec son pied Photos digitales illimit\u00e9es WhatsApp et Mail illimit\u00e9 Supports de 9h \u00e0 21hAccessoiresCadre fun a gonfl\u00e9 Accessoires, moustaches, masque, loup, etc\u2026 [&hellip;]<\/p>\n","protected":false},"author":1,"featured_media":0,"parent":0,"menu_order":0,"comment_status":"closed","ping_status":"closed","template":"","meta":{"_et_pb_use_builder":"on","_et_pb_old_content":"","_et_gb_content_width":"","footnotes":""},"class_list":["post-29067","page","type-page","status-publish","hentry"],"yoast_head":"<!-- This site is optimized with the Yoast SEO Premium plugin v22.7 (Yoast SEO v27.5) - https:\/\/yoast.com\/product\/yoast-seo-premium-wordpress\/ -->\n<title>Profitez des Photomatons \u00e0 Louer pour vos \u00e9v\u00e9nements - Wistitibox<\/title>\n<meta name=\"description\" content=\"Louez nos photomatons \u00e0 louer avec papier 10x15 et bandes 5x15, accessoires, filtres photos, gifs anim\u00e9s, vid\u00e9os, 4G, stockage et partage web\" \/>\n<meta name=\"robots\" content=\"index, follow, max-snippet:-1, max-image-preview:large, max-video-preview:-1\" \/>\n<link rel=\"canonical\" href=\"https:\/\/wistitibox.be\/?page_id=29067\" \/>\n<meta property=\"og:locale\" content=\"fr_FR\" \/>\n<meta property=\"og:type\" content=\"article\" \/>\n<meta property=\"og:title\" content=\"nos-photomatons\" \/>\n<meta property=\"og:description\" content=\"Louez nos photomatons \u00e0 louer avec papier 10x15 et bandes 5x15, accessoires, filtres photos, gifs anim\u00e9s, vid\u00e9os, 4G, stockage et partage web\" \/>\n<meta property=\"og:url\" content=\"https:\/\/wistitibox.be\/?page_id=29067\" \/>\n<meta property=\"og:site_name\" content=\"Wistitibox\" \/>\n<meta property=\"article:publisher\" content=\"https:\/\/www.facebook.com\/profile.php?id=100093981122246\" \/>\n<meta property=\"article:modified_time\" content=\"2024-09-07T16:37:52+00:00\" \/>\n<meta name=\"twitter:card\" content=\"summary_large_image\" \/>\n<meta name=\"twitter:label1\" content=\"Dur\u00e9e de lecture estim\u00e9e\" \/>\n\t<meta name=\"twitter:data1\" content=\"1 minute\" \/>\n<script type=\"application\/ld+json\" class=\"yoast-schema-graph\">{\"@context\":\"https:\\\/\\\/schema.org\",\"@graph\":[{\"@type\":\"WebPage\",\"@id\":\"https:\\\/\\\/wistitibox.be\\\/?page_id=29067\",\"url\":\"https:\\\/\\\/wistitibox.be\\\/?page_id=29067\",\"name\":\"Profitez des Photomatons \u00e0 Louer pour vos \u00e9v\u00e9nements - Wistitibox\",\"isPartOf\":{\"@id\":\"https:\\\/\\\/wistitibox.be\\\/#website\"},\"datePublished\":\"2024-02-11T12:29:07+00:00\",\"dateModified\":\"2024-09-07T16:37:52+00:00\",\"description\":\"Louez nos photomatons \u00e0 louer avec papier 10x15 et bandes 5x15, accessoires, filtres photos, gifs anim\u00e9s, vid\u00e9os, 4G, stockage et partage web\",\"breadcrumb\":{\"@id\":\"https:\\\/\\\/wistitibox.be\\\/?page_id=29067#breadcrumb\"},\"inLanguage\":\"fr-FR\",\"potentialAction\":[{\"@type\":\"ReadAction\",\"target\":[\"https:\\\/\\\/wistitibox.be\\\/?page_id=29067\"]}]},{\"@type\":\"BreadcrumbList\",\"@id\":\"https:\\\/\\\/wistitibox.be\\\/?page_id=29067#breadcrumb\",\"itemListElement\":[{\"@type\":\"ListItem\",\"position\":1,\"name\":\"Accueil\",\"item\":\"https:\\\/\\\/wistitibox.be\\\/\"},{\"@type\":\"ListItem\",\"position\":2,\"name\":\"nos-photomatons\"}]},{\"@type\":\"WebSite\",\"@id\":\"https:\\\/\\\/wistitibox.be\\\/#website\",\"url\":\"https:\\\/\\\/wistitibox.be\\\/\",\"name\":\"Wistitibox\",\"description\":\"Le photomaton qui vous fait sourire !\",\"publisher\":{\"@id\":\"https:\\\/\\\/wistitibox.be\\\/#organization\"},\"potentialAction\":[{\"@type\":\"SearchAction\",\"target\":{\"@type\":\"EntryPoint\",\"urlTemplate\":\"https:\\\/\\\/wistitibox.be\\\/?s={search_term_string}\"},\"query-input\":{\"@type\":\"PropertyValueSpecification\",\"valueRequired\":true,\"valueName\":\"search_term_string\"}}],\"inLanguage\":\"fr-FR\"},{\"@type\":\"Organization\",\"@id\":\"https:\\\/\\\/wistitibox.be\\\/#organization\",\"name\":\"Wistitibox\",\"url\":\"https:\\\/\\\/wistitibox.be\\\/\",\"logo\":{\"@type\":\"ImageObject\",\"inLanguage\":\"fr-FR\",\"@id\":\"https:\\\/\\\/wistitibox.be\\\/#\\\/schema\\\/logo\\\/image\\\/\",\"url\":\"https:\\\/\\\/wistitibox.be\\\/wp-content\\\/uploads\\\/2023\\\/06\\\/logo-profil.png\",\"contentUrl\":\"https:\\\/\\\/wistitibox.be\\\/wp-content\\\/uploads\\\/2023\\\/06\\\/logo-profil.png\",\"width\":5064,\"height\":5925,\"caption\":\"Wistitibox\"},\"image\":{\"@id\":\"https:\\\/\\\/wistitibox.be\\\/#\\\/schema\\\/logo\\\/image\\\/\"},\"sameAs\":[\"https:\\\/\\\/www.facebook.com\\\/profile.php?id=100093981122246\",\"https:\\\/\\\/www.instagram.com\\\/wistitibox\\\/\"]}]}<\/script>\n<!-- \/ Yoast SEO Premium plugin. -->","yoast_head_json":{"title":"Profitez des Photomatons \u00e0 Louer pour vos \u00e9v\u00e9nements - Wistitibox","description":"Louez nos photomatons \u00e0 louer avec papier 10x15 et bandes 5x15, accessoires, filtres photos, gifs anim\u00e9s, vid\u00e9os, 4G, stockage et partage web","robots":{"index":"index","follow":"follow","max-snippet":"max-snippet:-1","max-image-preview":"max-image-preview:large","max-video-preview":"max-video-preview:-1"},"canonical":"https:\/\/wistitibox.be\/?page_id=29067","og_locale":"fr_FR","og_type":"article","og_title":"nos-photomatons","og_description":"Louez nos photomatons \u00e0 louer avec papier 10x15 et bandes 5x15, accessoires, filtres photos, gifs anim\u00e9s, vid\u00e9os, 4G, stockage et partage web","og_url":"https:\/\/wistitibox.be\/?page_id=29067","og_site_name":"Wistitibox","article_publisher":"https:\/\/www.facebook.com\/profile.php?id=100093981122246","article_modified_time":"2024-09-07T16:37:52+00:00","twitter_card":"summary_large_image","twitter_misc":{"Dur\u00e9e de lecture estim\u00e9e":"1 minute"},"schema":{"@context":"https:\/\/schema.org","@graph":[{"@type":"WebPage","@id":"https:\/\/wistitibox.be\/?page_id=29067","url":"https:\/\/wistitibox.be\/?page_id=29067","name":"Profitez des Photomatons \u00e0 Louer pour vos \u00e9v\u00e9nements - Wistitibox","isPartOf":{"@id":"https:\/\/wistitibox.be\/#website"},"datePublished":"2024-02-11T12:29:07+00:00","dateModified":"2024-09-07T16:37:52+00:00","description":"Louez nos photomatons \u00e0 louer avec papier 10x15 et bandes 5x15, accessoires, filtres photos, gifs anim\u00e9s, vid\u00e9os, 4G, stockage et partage web","breadcrumb":{"@id":"https:\/\/wistitibox.be\/?page_id=29067#breadcrumb"},"inLanguage":"fr-FR","potentialAction":[{"@type":"ReadAction","target":["https:\/\/wistitibox.be\/?page_id=29067"]}]},{"@type":"BreadcrumbList","@id":"https:\/\/wistitibox.be\/?page_id=29067#breadcrumb","itemListElement":[{"@type":"ListItem","position":1,"name":"Accueil","item":"https:\/\/wistitibox.be\/"},{"@type":"ListItem","position":2,"name":"nos-photomatons"}]},{"@type":"WebSite","@id":"https:\/\/wistitibox.be\/#website","url":"https:\/\/wistitibox.be\/","name":"Wistitibox","description":"Le photomaton qui vous fait sourire !","publisher":{"@id":"https:\/\/wistitibox.be\/#organization"},"potentialAction":[{"@type":"SearchAction","target":{"@type":"EntryPoint","urlTemplate":"https:\/\/wistitibox.be\/?s={search_term_string}"},"query-input":{"@type":"PropertyValueSpecification","valueRequired":true,"valueName":"search_term_string"}}],"inLanguage":"fr-FR"},{"@type":"Organization","@id":"https:\/\/wistitibox.be\/#organization","name":"Wistitibox","url":"https:\/\/wistitibox.be\/","logo":{"@type":"ImageObject","inLanguage":"fr-FR","@id":"https:\/\/wistitibox.be\/#\/schema\/logo\/image\/","url":"https:\/\/wistitibox.be\/wp-content\/uploads\/2023\/06\/logo-profil.png","contentUrl":"https:\/\/wistitibox.be\/wp-content\/uploads\/2023\/06\/logo-profil.png","width":5064,"height":5925,"caption":"Wistitibox"},"image":{"@id":"https:\/\/wistitibox.be\/#\/schema\/logo\/image\/"},"sameAs":["https:\/\/www.facebook.com\/profile.php?id=100093981122246","https:\/\/www.instagram.com\/wistitibox\/"]}]}},"_links":{"self":[{"href":"https:\/\/wistitibox.be\/index.php?rest_route=\/wp\/v2\/pages\/29067","targetHints":{"allow":["GET"]}}],"collection":[{"href":"https:\/\/wistitibox.be\/index.php?rest_route=\/wp\/v2\/pages"}],"about":[{"href":"https:\/\/wistitibox.be\/index.php?rest_route=\/wp\/v2\/types\/page"}],"author":[{"embeddable":true,"href":"https:\/\/wistitibox.be\/index.php?rest_route=\/wp\/v2\/users\/1"}],"replies":[{"embeddable":true,"href":"https:\/\/wistitibox.be\/index.php?rest_route=%2Fwp%2Fv2%2Fcomments&post=29067"}],"version-history":[{"count":8,"href":"https:\/\/wistitibox.be\/index.php?rest_route=\/wp\/v2\/pages\/29067\/revisions"}],"predecessor-version":[{"id":29204,"href":"https:\/\/wistitibox.be\/index.php?rest_route=\/wp\/v2\/pages\/29067\/revisions\/29204"}],"wp:attachment":[{"href":"https:\/\/wistitibox.be\/index.php?rest_route=%2Fwp%2Fv2%2Fmedia&parent=29067"}],"curies":[{"name":"wp","href":"https:\/\/api.w.org\/{rel}","templated":true}]}}