{"id":29082,"date":"2024-02-11T13:35:59","date_gmt":"2024-02-11T12:35:59","guid":{"rendered":"https:\/\/wistitibox.be\/?page_id=29082"},"modified":"2026-03-08T10:56:47","modified_gmt":"2026-03-08T09:56:47","slug":"28900-2","status":"publish","type":"page","link":"https:\/\/wistitibox.be\/?page_id=29082","title":{"rendered":"R\u00e9servation"},"content":{"rendered":"<p>[et_pb_section fb_built=\u00a0\u00bb1&Prime; custom_padding_last_edited=\u00a0\u00bbon|phone\u00a0\u00bb admin_label=\u00a0\u00bbHeader\u00a0\u00bb _builder_version=\u00a0\u00bb4.24.0&Prime; _module_preset=\u00a0\u00bbdefault\u00a0\u00bb background_color=\u00a0\u00bbgcid-1bcf785a-50e1-437b-b09f-65567babc1de\u00a0\u00bb use_background_color_gradient=\u00a0\u00bbon\u00a0\u00bb background_color_gradient_type=\u00a0\u00bbelliptical\u00a0\u00bb background_color_gradient_direction_radial=\u00a0\u00bbright\u00a0\u00bb background_color_gradient_stops=\u00a0\u00bbrgba(121,58,255,0.65) 0%|rgba(255,255,255,0) 72%\u00a0\u00bb background_enable_image=\u00a0\u00bboff\u00a0\u00bb background_size=\u00a0\u00bbinitial\u00a0\u00bb background_position=\u00a0\u00bbtop_center\u00a0\u00bb background_repeat=\u00a0\u00bbrepeat\u00a0\u00bb overflow-x=\u00a0\u00bbhidden\u00a0\u00bb overflow-y=\u00a0\u00bbhidden\u00a0\u00bb custom_padding=\u00a0\u00bb27px||0px||false|false\u00a0\u00bb custom_padding_tablet=\u00a0\u00bb40px||||false|false\u00a0\u00bb custom_padding_phone=\u00a0\u00bb40px||||false|false\u00a0\u00bb locked=\u00a0\u00bboff\u00a0\u00bb collapsed=\u00a0\u00bbon\u00a0\u00bb global_colors_info=\u00a0\u00bb{%22gcid-1bcf785a-50e1-437b-b09f-65567babc1de%22:%91%22background_color%22,%22background_color_gradient_stops%22%93}\u00a0\u00bb][et_pb_row column_structure=\u00a0\u00bb2_3,1_3&Prime; _builder_version=\u00a0\u00bb4.19.5&Prime; _module_preset=\u00a0\u00bbdefault\u00a0\u00bb custom_padding=\u00a0\u00bb||0px|||\u00a0\u00bb global_colors_info=\u00a0\u00bb{}\u00a0\u00bb][et_pb_column type=\u00a0\u00bb2_3&Prime; _builder_version=\u00a0\u00bb4.19.5&Prime; _module_preset=\u00a0\u00bbdefault\u00a0\u00bb z_index=\u00a0\u00bb10&Prime; global_colors_info=\u00a0\u00bb{}\u00a0\u00bb][et_pb_text _builder_version=\u00a0\u00bb4.24.0&Prime; _module_preset=\u00a0\u00bb5021f71e-b662-4cfe-9917-52283571e8ec\u00a0\u00bb text_font=\u00a0\u00bbMontserrat||||||||\u00a0\u00bb header_font=\u00a0\u00bbMontserrat|700|||||||\u00a0\u00bb header_4_font=\u00a0\u00bbMontserrat||||||||\u00a0\u00bb header_4_text_color=\u00a0\u00bb#FFFFFF\u00a0\u00bb header_4_font_size=\u00a0\u00bb65px\u00a0\u00bb custom_margin=\u00a0\u00bb||10px||false|false\u00a0\u00bb custom_padding=\u00a0\u00bb130px|||||\u00a0\u00bb locked=\u00a0\u00bboff\u00a0\u00bb global_colors_info=\u00a0\u00bb{}\u00a0\u00bb]<\/p>\n<h4>Le photomaton qui vous fait sourire !<\/h4>\n<p>[\/et_pb_text][\/et_pb_column][et_pb_column type=\u00a0\u00bb1_3&Prime; _builder_version=\u00a0\u00bb4.19.2&Prime; _module_preset=\u00a0\u00bbdefault\u00a0\u00bb global_colors_info=\u00a0\u00bb{}\u00a0\u00bb][et_pb_image src=\u00a0\u00bbhttps:\/\/wistitibox.be\/wp-content\/uploads\/2024\/09\/Design-sans-titre.png\u00a0\u00bb title_text=\u00a0\u00bbDesign sans titre\u00a0\u00bb show_bottom_space=\u00a0\u00bboff\u00a0\u00bb _builder_version=\u00a0\u00bb4.24.0&Prime; _module_preset=\u00a0\u00bbdefault\u00a0\u00bb background_color=\u00a0\u00bbRGBA(255,255,255,0)\u00a0\u00bb width=\u00a0\u00bb150%\u00a0\u00bb border_radii=\u00a0\u00bboff||||\u00a0\u00bb global_colors_info=\u00a0\u00bb{}\u00a0\u00bb][\/et_pb_image][\/et_pb_column][\/et_pb_row][\/et_pb_section][et_pb_section fb_built=\u00a0\u00bb1&Prime; _builder_version=\u00a0\u00bb4.19.5&Prime; _module_preset=\u00a0\u00bbdefault\u00a0\u00bb background_color=\u00a0\u00bbgcid-1bcf785a-50e1-437b-b09f-65567babc1de\u00a0\u00bb custom_margin=\u00a0\u00bb-218px|||||\u00a0\u00bb global_colors_info=\u00a0\u00bb{%22gcid-1bcf785a-50e1-437b-b09f-65567babc1de%22:%91%22background_color%22%93}\u00a0\u00bb][et_pb_row _builder_version=\u00a0\u00bb4.24.0&Prime; _module_preset=\u00a0\u00bbdefault\u00a0\u00bb max_width=\u00a0\u00bb800px\u00a0\u00bb global_colors_info=\u00a0\u00bb{}\u00a0\u00bb][et_pb_column type=\u00a0\u00bb4_4&Prime; _builder_version=\u00a0\u00bb4.24.0&Prime; _module_preset=\u00a0\u00bbdefault\u00a0\u00bb global_colors_info=\u00a0\u00bb{}\u00a0\u00bb][et_pb_text _builder_version=\u00a0\u00bb4.24.0&Prime; _module_preset=\u00a0\u00bb0525cb7b-6528-4075-949d-2381cf311f62&Prime; text_text_color=\u00a0\u00bb#0C71C3&Prime; header_text_color=\u00a0\u00bb#0C71C3&Prime; header_4_text_color=\u00a0\u00bb#0C71C3&Prime; global_colors_info=\u00a0\u00bb{}\u00a0\u00bb]<\/p>\n<h4>Contact<\/h4>\n<p>[\/et_pb_text][et_pb_text _builder_version=\u00a0\u00bb4.24.0&Prime; _module_preset=\u00a0\u00bb84523aa7-d3b2-4397-9815-9985174a3917&Prime; text_font_size=\u00a0\u00bb16px\u00a0\u00bb header_font_size=\u00a0\u00bb52px\u00a0\u00bb custom_margin=\u00a0\u00bb||10px||false|false\u00a0\u00bb global_colors_info=\u00a0\u00bb{}\u00a0\u00bb]<\/p>\n<h1>Demande de devis et disponibilit\u00e9<\/h1>\n<p>[\/et_pb_text][et_pb_contact_form email=\u00a0\u00bblocation@wistitibox.be\u00a0\u00bb custom_message=\u00a0\u00bbDemande de devis||et_pb_line_break_holder||||et_pb_line_break_holder||Type : %%type%%||et_pb_line_break_holder||Nom : %%nom%%||et_pb_line_break_holder||Pr\u00e9nom : %%prenom%%||et_pb_line_break_holder||Email : %%email%%||et_pb_line_break_holder||T\u00e9l\u00e9phone : %%tel%%||et_pb_line_break_holder||Votre adresse : %%adresseperso%%, %%cpperso%%,  %%ville%%||et_pb_line_break_holder||Adresse \u00e9v\u00e8nement : %%adresse%%, %%cp%%, %%ville%%||et_pb_line_break_holder||Heure \u00e9v\u00e8nement : %%date%% %%heure%%||et_pb_line_break_holder||Choix de Box : %%box%%||et_pb_line_break_holder||Photo suppl\u00e9mentaires : %%photo-supp%%||et_pb_line_break_holder||AudioBook : %%audiobook%%||et_pb_line_break_holder||VideoBook : %%VideoBook%%||et_pb_line_break_holder||Livraison : %%Livraison%%||et_pb_line_break_holder||Code Partenaire : %%code%%||et_pb_line_break_holder||Communication : %%com%%||et_pb_line_break_holder||Accord RGPD : %%rgpd%%||et_pb_line_break_holder||Option : %%option%%||et_pb_line_break_holder||||et_pb_line_break_holder||\u00a0\u00bb success_message=\u00a0\u00bbSuper ! Nous avons bien re\u00e7u votre demande, nous la traiterons dans les plus brefs d\u00e9lais\u00a0\u00bb submit_button_text=\u00a0\u00bbEnvoyer\u00a0\u00bb _builder_version=\u00a0\u00bb4.27.4&Prime; _module_preset=\u00a0\u00bbdefault\u00a0\u00bb _unique_id=\u00a0\u00bb9b8e1326-df63-4308-8812-bb8957391fb3&Prime; form_field_background_color=\u00a0\u00bb#0C71C3&Prime; form_field_text_color=\u00a0\u00bb#FFFFFF\u00a0\u00bb form_field_focus_background_color=\u00a0\u00bb#FFFFFF\u00a0\u00bb form_field_focus_text_color=\u00a0\u00bb#000000&Prime; title_text_color=\u00a0\u00bb#FFFFFF\u00a0\u00bb captcha_text_color=\u00a0\u00bb#FFFFFF\u00a0\u00bb captcha_font_size=\u00a0\u00bb17px\u00a0\u00bb captcha_letter_spacing=\u00a0\u00bb12px\u00a0\u00bb custom_button=\u00a0\u00bbon\u00a0\u00bb button_text_color=\u00a0\u00bb#FFFFFF\u00a0\u00bb button_bg_color=\u00a0\u00bb#0C71C3&Prime; text_orientation=\u00a0\u00bbleft\u00a0\u00bb custom_padding=\u00a0\u00bb|||0px||\u00a0\u00bb hover_enabled=\u00a0\u00bb0&Prime; border_width_all=\u00a0\u00bb2px\u00a0\u00bb border_color_all=\u00a0\u00bb#0C71C3&Prime; locked=\u00a0\u00bboff\u00a0\u00bb global_colors_info=\u00a0\u00bb{}\u00a0\u00bb form_field_focus_text_color__hover_enabled=\u00a0\u00bbon|hover\u00a0\u00bb form_field_focus_text_color__hover=\u00a0\u00bb#000000&Prime; sticky_enabled=\u00a0\u00bb0&Prime;][et_pb_contact_field field_id=\u00a0\u00bbprenom\u00a0\u00bb field_title=\u00a0\u00bbPr\u00e9nom\u00a0\u00bb _builder_version=\u00a0\u00bb4.21.0&Prime; _module_preset=\u00a0\u00bbdefault\u00a0\u00bb global_colors_info=\u00a0\u00bb{}\u00a0\u00bb][\/et_pb_contact_field][et_pb_contact_field field_id=\u00a0\u00bbnom\u00a0\u00bb field_title=\u00a0\u00bbNom\u00a0\u00bb _builder_version=\u00a0\u00bb4.21.0&Prime; _module_preset=\u00a0\u00bbdefault\u00a0\u00bb global_colors_info=\u00a0\u00bb{}\u00a0\u00bb][\/et_pb_contact_field][et_pb_contact_field field_id=\u00a0\u00bbtel\u00a0\u00bb field_title=\u00a0\u00bbT\u00e9l\u00e9phone\u00a0\u00bb _builder_version=\u00a0\u00bb4.24.0&Prime; _module_preset=\u00a0\u00bbdefault\u00a0\u00bb global_colors_info=\u00a0\u00bb{}\u00a0\u00bb][\/et_pb_contact_field][et_pb_contact_field field_id=\u00a0\u00bbemail\u00a0\u00bb field_title=\u00a0\u00bbEmail\u00a0\u00bb field_type=\u00a0\u00bbemail\u00a0\u00bb _builder_version=\u00a0\u00bb4.21.0&Prime; _module_preset=\u00a0\u00bbdefault\u00a0\u00bb global_colors_info=\u00a0\u00bb{}\u00a0\u00bb][\/et_pb_contact_field][et_pb_contact_field field_id=\u00a0\u00bbtype\u00a0\u00bb field_title=\u00a0\u00bbParticulier\/Entreprise\u00a0\u00bb field_type=\u00a0\u00bbcheckbox\u00a0\u00bb checkbox_options=\u00a0\u00bb%91{%22value%22:%22Particulier%22,%22checked%22:0,%22dragID%22:-1},{%22value%22:%22Entreprise%22,%22checked%22:0,%22dragID%22:0}%93&Prime; fullwidth_field=\u00a0\u00bbon\u00a0\u00bb _builder_version=\u00a0\u00bb4.21.0&Prime; _module_preset=\u00a0\u00bbdefault\u00a0\u00bb global_colors_info=\u00a0\u00bb{}\u00a0\u00bb][\/et_pb_contact_field][et_pb_contact_field field_id=\u00a0\u00bbadresseperso\u00a0\u00bb field_title=\u00a0\u00bbVotre adresse\u00a0\u00bb _builder_version=\u00a0\u00bb4.21.0&Prime; _module_preset=\u00a0\u00bbdefault\u00a0\u00bb global_colors_info=\u00a0\u00bb{}\u00a0\u00bb][\/et_pb_contact_field][et_pb_contact_field field_id=\u00a0\u00bbvilleperso\u00a0\u00bb field_title=\u00a0\u00bbVotre ville\u00a0\u00bb _builder_version=\u00a0\u00bb4.21.0&Prime; _module_preset=\u00a0\u00bbdefault\u00a0\u00bb global_colors_info=\u00a0\u00bb{}\u00a0\u00bb][\/et_pb_contact_field][et_pb_contact_field field_id=\u00a0\u00bbcpperso\u00a0\u00bb field_title=\u00a0\u00bbVotre code postal\u00a0\u00bb _builder_version=\u00a0\u00bb4.24.0&Prime; _module_preset=\u00a0\u00bbdefault\u00a0\u00bb global_colors_info=\u00a0\u00bb{}\u00a0\u00bb][\/et_pb_contact_field][et_pb_contact_field field_id=\u00a0\u00bbbox\u00a0\u00bb field_title=\u00a0\u00bbChoix de la box\u00a0\u00bb field_type=\u00a0\u00bbselect\u00a0\u00bb select_options=\u00a0\u00bb%91{%22value%22:%22Aucune%22,%22checked%22:0,%22dragID%22:4},{%22value%22:%22WistitiBox sans impression &#8211; impression digitale illimit\u00e9s &#8211; envoi par email et Whatsapp &#8211; 95\u20ac%22,%22checked%22:0,%22dragID%22:-1},{%22value%22:%22WistitiBox &#8211; 50 impressions &#8211; 125\u20ac%22,%22checked%22:0,%22dragID%22:0},{%22value%22:%22WistitiBox &#8211; 100 impressions &#8211; 175\u20ac%22,%22checked%22:0,%22dragID%22:1},{%22value%22:%22WistitiBox &#8211; 200 impressions &#8211; 225\u20ac%22,%22checked%22:0,%22dragID%22:2},{%22value%22:%22WistitiBox &#8211; 400 impressions &#8211; 275\u20ac%22,%22checked%22:0,%22dragID%22:3}%93&Prime; fullwidth_field=\u00a0\u00bbon\u00a0\u00bb _builder_version=\u00a0\u00bb4.27.4&Prime; _module_preset=\u00a0\u00bbdefault\u00a0\u00bb global_colors_info=\u00a0\u00bb{}\u00a0\u00bb][\/et_pb_contact_field][et_pb_contact_field field_id=\u00a0\u00bbphoto-supp\u00a0\u00bb field_title=\u00a0\u00bb400 photos suppl\u00e9mentaires (100\u20ac TVAC)\u00a0\u00bb field_type=\u00a0\u00bbcheckbox\u00a0\u00bb checkbox_options=\u00a0\u00bb%91{%22value%22:%22400 photos suppl\u00e9mentaires (100\u20ac TVAC)%22,%22checked%22:0,%22dragID%22:-1}%93&Prime; required_mark=\u00a0\u00bboff\u00a0\u00bb fullwidth_field=\u00a0\u00bbon\u00a0\u00bb _builder_version=\u00a0\u00bb4.24.0&Prime; _module_preset=\u00a0\u00bbdefault\u00a0\u00bb global_colors_info=\u00a0\u00bb{}\u00a0\u00bb][\/et_pb_contact_field][et_pb_contact_field field_id=\u00a0\u00bbaudiobook\u00a0\u00bb field_title=\u00a0\u00bbAudiobook avec 1 photomaton 75\u20ac &#8211; Sans photomaton 95\u20ac\u00a0\u00bb field_type=\u00a0\u00bbcheckbox\u00a0\u00bb checkbox_options=\u00a0\u00bb%91{%22value%22:%22Audiobook avec 1 Wistitibox (75\u20ac TVAC)%22,%22checked%22:0,%22dragID%22:-1},{%22value%22:%22Audiobook sans photomaton (95\u20ac TVAC)%22,%22checked%22:0,%22dragID%22:0}%93&Prime; required_mark=\u00a0\u00bboff\u00a0\u00bb fullwidth_field=\u00a0\u00bbon\u00a0\u00bb _builder_version=\u00a0\u00bb4.24.0&Prime; _module_preset=\u00a0\u00bbdefault\u00a0\u00bb global_colors_info=\u00a0\u00bb{}\u00a0\u00bb][\/et_pb_contact_field][et_pb_contact_field field_id=\u00a0\u00bbVideoBook\u00a0\u00bb field_title=\u00a0\u00bbVideoBook &#8211; 150\u20ac\u00a0\u00bb field_type=\u00a0\u00bbcheckbox\u00a0\u00bb checkbox_options=\u00a0\u00bb%91{%22value%22:%22Oui%22,%22checked%22:0,%22dragID%22:-1},{%22value%22:%22Non%22,%22checked%22:0,%22dragID%22:0}%93&Prime; required_mark=\u00a0\u00bboff\u00a0\u00bb fullwidth_field=\u00a0\u00bbon\u00a0\u00bb _builder_version=\u00a0\u00bb4.27.4&Prime; _module_preset=\u00a0\u00bbdefault\u00a0\u00bb global_colors_info=\u00a0\u00bb{}\u00a0\u00bb][\/et_pb_contact_field][et_pb_contact_field field_id=\u00a0\u00bblivraison\u00a0\u00bb field_title=\u00a0\u00bbLivraison\u00a0\u00bb field_type=\u00a0\u00bbcheckbox\u00a0\u00bb checkbox_options=\u00a0\u00bb%91{%22value%22:%22Livraison (100,00\u20ac TVAC) uniquement valable avec la box 400 photos%22,%22checked%22:0,%22dragID%22:-1,%22link_url%22:%22%22,%22link_text%22:%22%22},{%22value%22:%22Retrait au magasin Ink\u00e9o Namur (Jambes)%22,%22checked%22:0,%22dragID%22:0},{%22dragID%22:1,%22value%22:%22Retrait \u00e0 Jemeppe-Sur-Sambre%22,%22checked%22:0},{%22value%22:%22Retrait \u00e0 Wavre%22,%22checked%22:0,%22dragID%22:2}%93&Prime; fullwidth_field=\u00a0\u00bbon\u00a0\u00bb _builder_version=\u00a0\u00bb4.27.4&Prime; _module_preset=\u00a0\u00bbdefault\u00a0\u00bb hover_enabled=\u00a0\u00bb0&Prime; global_colors_info=\u00a0\u00bb{}\u00a0\u00bb sticky_enabled=\u00a0\u00bb0&Prime;][\/et_pb_contact_field][et_pb_contact_field field_id=\u00a0\u00bbadresse\u00a0\u00bb field_title=\u00a0\u00bbAdresse de l&rsquo;\u00e9v\u00e8nement\u00a0\u00bb fullwidth_field=\u00a0\u00bbon\u00a0\u00bb _builder_version=\u00a0\u00bb4.24.0&Prime; _module_preset=\u00a0\u00bbdefault\u00a0\u00bb global_colors_info=\u00a0\u00bb{}\u00a0\u00bb][\/et_pb_contact_field][et_pb_contact_field field_id=\u00a0\u00bbcp\u00a0\u00bb field_title=\u00a0\u00bbCode Postal\u00a0\u00bb _builder_version=\u00a0\u00bb4.21.0&Prime; _module_preset=\u00a0\u00bbdefault\u00a0\u00bb global_colors_info=\u00a0\u00bb{}\u00a0\u00bb][\/et_pb_contact_field][et_pb_contact_field field_id=\u00a0\u00bbville\u00a0\u00bb field_title=\u00a0\u00bbVille\u00a0\u00bb _builder_version=\u00a0\u00bb4.21.0&Prime; _module_preset=\u00a0\u00bbdefault\u00a0\u00bb global_colors_info=\u00a0\u00bb{}\u00a0\u00bb][\/et_pb_contact_field][et_pb_contact_field field_id=\u00a0\u00bbdate\u00a0\u00bb field_title=\u00a0\u00bbDate\u00a0\u00bb _builder_version=\u00a0\u00bb4.21.0&Prime; _module_preset=\u00a0\u00bbdefault\u00a0\u00bb global_colors_info=\u00a0\u00bb{}\u00a0\u00bb][\/et_pb_contact_field][et_pb_contact_field field_id=\u00a0\u00bbheure\u00a0\u00bb field_title=\u00a0\u00bbHeure\u00a0\u00bb _builder_version=\u00a0\u00bb4.21.0&Prime; _module_preset=\u00a0\u00bbdefault\u00a0\u00bb global_colors_info=\u00a0\u00bb{}\u00a0\u00bb][\/et_pb_contact_field][et_pb_contact_field field_id=\u00a0\u00bbcode\u00a0\u00bb field_title=\u00a0\u00bbCode Partenaire\/Code Promo\u00a0\u00bb required_mark=\u00a0\u00bboff\u00a0\u00bb fullwidth_field=\u00a0\u00bbon\u00a0\u00bb _builder_version=\u00a0\u00bb4.27.4&Prime; _module_preset=\u00a0\u00bbdefault\u00a0\u00bb global_colors_info=\u00a0\u00bb{}\u00a0\u00bb][\/et_pb_contact_field][et_pb_contact_field field_id=\u00a0\u00bbcom\u00a0\u00bb field_title=\u00a0\u00bbCommunication\u00a0\u00bb field_type=\u00a0\u00bbtext\u00a0\u00bb required_mark=\u00a0\u00bboff\u00a0\u00bb fullwidth_field=\u00a0\u00bbon\u00a0\u00bb _builder_version=\u00a0\u00bb4.21.0&Prime; _module_preset=\u00a0\u00bbdefault\u00a0\u00bb global_colors_info=\u00a0\u00bb{}\u00a0\u00bb][\/et_pb_contact_field][et_pb_contact_field field_id=\u00a0\u00bbrgpd\u00a0\u00bb field_title=\u00a0\u00bbAccord RGPD\u00a0\u00bb field_type=\u00a0\u00bbcheckbox\u00a0\u00bb checkbox_options=\u00a0\u00bb%91{%22value%22:%22Je consens \u00e0 ce que ce site stocke mes informations envoy\u00e9es. %22,%22checked%22:0,%22dragID%22:-1}%93&Prime; fullwidth_field=\u00a0\u00bbon\u00a0\u00bb _builder_version=\u00a0\u00bb4.24.0&Prime; _module_preset=\u00a0\u00bbdefault\u00a0\u00bb global_colors_info=\u00a0\u00bb{}\u00a0\u00bb][\/et_pb_contact_field][et_pb_contact_field field_id=\u00a0\u00bbOption\u00a0\u00bb field_title=\u00a0\u00bbSouhaitez-vous recevoir une offre pour la box Immersive &#8211; Bulles d&rsquo;oxyg\u00e8ne\u00a0\u00bb field_type=\u00a0\u00bbcheckbox\u00a0\u00bb checkbox_options=\u00a0\u00bb%91{%22value%22:%22Oui%22,%22checked%22:0,%22dragID%22:-1},{%22value%22:%22Non%22,%22checked%22:0,%22dragID%22:0}%93&Prime; fullwidth_field=\u00a0\u00bbon\u00a0\u00bb _builder_version=\u00a0\u00bb4.27.4&Prime; _module_preset=\u00a0\u00bbdefault\u00a0\u00bb global_colors_info=\u00a0\u00bb{}\u00a0\u00bb][\/et_pb_contact_field][\/et_pb_contact_form][\/et_pb_column][\/et_pb_row][\/et_pb_section]<\/p>\n","protected":false},"excerpt":{"rendered":"<p>Le photomaton qui vous fait sourire !ContactDemande de devis et disponibilit\u00e9<\/p>\n","protected":false},"author":1,"featured_media":0,"parent":0,"menu_order":0,"comment_status":"closed","ping_status":"closed","template":"","meta":{"_et_pb_use_builder":"on","_et_pb_old_content":"","_et_gb_content_width":"","footnotes":""},"class_list":["post-29082","page","type-page","status-publish","hentry"],"yoast_head":"<!-- This site is optimized with the Yoast SEO Premium plugin v22.7 (Yoast SEO v27.5) - https:\/\/yoast.com\/product\/yoast-seo-premium-wordpress\/ -->\n<title>R\u00e9servation - Wistitibox<\/title>\n<meta name=\"description\" content=\"Explorez nos tarifs comp\u00e9titifs et simplifiez votre r\u00e9servation en ligne pour notre photomaton. D\u00e9couvrez des offres attractives.\" \/>\n<meta name=\"robots\" content=\"index, follow, max-snippet:-1, max-image-preview:large, max-video-preview:-1\" \/>\n<link rel=\"canonical\" href=\"https:\/\/wistitibox.be\/?page_id=29082\" \/>\n<meta property=\"og:locale\" content=\"fr_FR\" \/>\n<meta property=\"og:type\" content=\"article\" \/>\n<meta property=\"og:title\" content=\"R\u00e9servation\" \/>\n<meta property=\"og:description\" content=\"Explorez nos tarifs comp\u00e9titifs et simplifiez votre r\u00e9servation en ligne pour notre photomaton. D\u00e9couvrez des offres attractives.\" \/>\n<meta property=\"og:url\" content=\"https:\/\/wistitibox.be\/?page_id=29082\" \/>\n<meta property=\"og:site_name\" content=\"Wistitibox\" \/>\n<meta property=\"article:publisher\" content=\"https:\/\/www.facebook.com\/profile.php?id=100093981122246\" \/>\n<meta property=\"article:modified_time\" content=\"2026-03-08T09:56:47+00:00\" \/>\n<meta name=\"twitter:card\" content=\"summary_large_image\" \/>\n<meta name=\"twitter:label1\" content=\"Dur\u00e9e de lecture estim\u00e9e\" \/>\n\t<meta name=\"twitter:data1\" content=\"1 minute\" \/>\n<script type=\"application\/ld+json\" class=\"yoast-schema-graph\">{\"@context\":\"https:\\\/\\\/schema.org\",\"@graph\":[{\"@type\":\"WebPage\",\"@id\":\"https:\\\/\\\/wistitibox.be\\\/?page_id=29082\",\"url\":\"https:\\\/\\\/wistitibox.be\\\/?page_id=29082\",\"name\":\"R\u00e9servation - Wistitibox\",\"isPartOf\":{\"@id\":\"https:\\\/\\\/wistitibox.be\\\/#website\"},\"datePublished\":\"2024-02-11T12:35:59+00:00\",\"dateModified\":\"2026-03-08T09:56:47+00:00\",\"description\":\"Explorez nos tarifs comp\u00e9titifs et simplifiez votre r\u00e9servation en ligne pour notre photomaton. D\u00e9couvrez des offres attractives.\",\"breadcrumb\":{\"@id\":\"https:\\\/\\\/wistitibox.be\\\/?page_id=29082#breadcrumb\"},\"inLanguage\":\"fr-FR\",\"potentialAction\":[{\"@type\":\"ReadAction\",\"target\":[\"https:\\\/\\\/wistitibox.be\\\/?page_id=29082\"]}]},{\"@type\":\"BreadcrumbList\",\"@id\":\"https:\\\/\\\/wistitibox.be\\\/?page_id=29082#breadcrumb\",\"itemListElement\":[{\"@type\":\"ListItem\",\"position\":1,\"name\":\"Accueil\",\"item\":\"https:\\\/\\\/wistitibox.be\\\/\"},{\"@type\":\"ListItem\",\"position\":2,\"name\":\"R\u00e9servation\"}]},{\"@type\":\"WebSite\",\"@id\":\"https:\\\/\\\/wistitibox.be\\\/#website\",\"url\":\"https:\\\/\\\/wistitibox.be\\\/\",\"name\":\"Wistitibox\",\"description\":\"Le photomaton qui vous fait sourire !\",\"publisher\":{\"@id\":\"https:\\\/\\\/wistitibox.be\\\/#organization\"},\"potentialAction\":[{\"@type\":\"SearchAction\",\"target\":{\"@type\":\"EntryPoint\",\"urlTemplate\":\"https:\\\/\\\/wistitibox.be\\\/?s={search_term_string}\"},\"query-input\":{\"@type\":\"PropertyValueSpecification\",\"valueRequired\":true,\"valueName\":\"search_term_string\"}}],\"inLanguage\":\"fr-FR\"},{\"@type\":\"Organization\",\"@id\":\"https:\\\/\\\/wistitibox.be\\\/#organization\",\"name\":\"Wistitibox\",\"url\":\"https:\\\/\\\/wistitibox.be\\\/\",\"logo\":{\"@type\":\"ImageObject\",\"inLanguage\":\"fr-FR\",\"@id\":\"https:\\\/\\\/wistitibox.be\\\/#\\\/schema\\\/logo\\\/image\\\/\",\"url\":\"https:\\\/\\\/wistitibox.be\\\/wp-content\\\/uploads\\\/2023\\\/06\\\/logo-profil.png\",\"contentUrl\":\"https:\\\/\\\/wistitibox.be\\\/wp-content\\\/uploads\\\/2023\\\/06\\\/logo-profil.png\",\"width\":5064,\"height\":5925,\"caption\":\"Wistitibox\"},\"image\":{\"@id\":\"https:\\\/\\\/wistitibox.be\\\/#\\\/schema\\\/logo\\\/image\\\/\"},\"sameAs\":[\"https:\\\/\\\/www.facebook.com\\\/profile.php?id=100093981122246\",\"https:\\\/\\\/www.instagram.com\\\/wistitibox\\\/\"]}]}<\/script>\n<!-- \/ Yoast SEO Premium plugin. -->","yoast_head_json":{"title":"R\u00e9servation - Wistitibox","description":"Explorez nos tarifs comp\u00e9titifs et simplifiez votre r\u00e9servation en ligne pour notre photomaton. D\u00e9couvrez des offres attractives.","robots":{"index":"index","follow":"follow","max-snippet":"max-snippet:-1","max-image-preview":"max-image-preview:large","max-video-preview":"max-video-preview:-1"},"canonical":"https:\/\/wistitibox.be\/?page_id=29082","og_locale":"fr_FR","og_type":"article","og_title":"R\u00e9servation","og_description":"Explorez nos tarifs comp\u00e9titifs et simplifiez votre r\u00e9servation en ligne pour notre photomaton. D\u00e9couvrez des offres attractives.","og_url":"https:\/\/wistitibox.be\/?page_id=29082","og_site_name":"Wistitibox","article_publisher":"https:\/\/www.facebook.com\/profile.php?id=100093981122246","article_modified_time":"2026-03-08T09:56:47+00:00","twitter_card":"summary_large_image","twitter_misc":{"Dur\u00e9e de lecture estim\u00e9e":"1 minute"},"schema":{"@context":"https:\/\/schema.org","@graph":[{"@type":"WebPage","@id":"https:\/\/wistitibox.be\/?page_id=29082","url":"https:\/\/wistitibox.be\/?page_id=29082","name":"R\u00e9servation - Wistitibox","isPartOf":{"@id":"https:\/\/wistitibox.be\/#website"},"datePublished":"2024-02-11T12:35:59+00:00","dateModified":"2026-03-08T09:56:47+00:00","description":"Explorez nos tarifs comp\u00e9titifs et simplifiez votre r\u00e9servation en ligne pour notre photomaton. D\u00e9couvrez des offres attractives.","breadcrumb":{"@id":"https:\/\/wistitibox.be\/?page_id=29082#breadcrumb"},"inLanguage":"fr-FR","potentialAction":[{"@type":"ReadAction","target":["https:\/\/wistitibox.be\/?page_id=29082"]}]},{"@type":"BreadcrumbList","@id":"https:\/\/wistitibox.be\/?page_id=29082#breadcrumb","itemListElement":[{"@type":"ListItem","position":1,"name":"Accueil","item":"https:\/\/wistitibox.be\/"},{"@type":"ListItem","position":2,"name":"R\u00e9servation"}]},{"@type":"WebSite","@id":"https:\/\/wistitibox.be\/#website","url":"https:\/\/wistitibox.be\/","name":"Wistitibox","description":"Le photomaton qui vous fait sourire !","publisher":{"@id":"https:\/\/wistitibox.be\/#organization"},"potentialAction":[{"@type":"SearchAction","target":{"@type":"EntryPoint","urlTemplate":"https:\/\/wistitibox.be\/?s={search_term_string}"},"query-input":{"@type":"PropertyValueSpecification","valueRequired":true,"valueName":"search_term_string"}}],"inLanguage":"fr-FR"},{"@type":"Organization","@id":"https:\/\/wistitibox.be\/#organization","name":"Wistitibox","url":"https:\/\/wistitibox.be\/","logo":{"@type":"ImageObject","inLanguage":"fr-FR","@id":"https:\/\/wistitibox.be\/#\/schema\/logo\/image\/","url":"https:\/\/wistitibox.be\/wp-content\/uploads\/2023\/06\/logo-profil.png","contentUrl":"https:\/\/wistitibox.be\/wp-content\/uploads\/2023\/06\/logo-profil.png","width":5064,"height":5925,"caption":"Wistitibox"},"image":{"@id":"https:\/\/wistitibox.be\/#\/schema\/logo\/image\/"},"sameAs":["https:\/\/www.facebook.com\/profile.php?id=100093981122246","https:\/\/www.instagram.com\/wistitibox\/"]}]}},"_links":{"self":[{"href":"https:\/\/wistitibox.be\/index.php?rest_route=\/wp\/v2\/pages\/29082","targetHints":{"allow":["GET"]}}],"collection":[{"href":"https:\/\/wistitibox.be\/index.php?rest_route=\/wp\/v2\/pages"}],"about":[{"href":"https:\/\/wistitibox.be\/index.php?rest_route=\/wp\/v2\/types\/page"}],"author":[{"embeddable":true,"href":"https:\/\/wistitibox.be\/index.php?rest_route=\/wp\/v2\/users\/1"}],"replies":[{"embeddable":true,"href":"https:\/\/wistitibox.be\/index.php?rest_route=%2Fwp%2Fv2%2Fcomments&post=29082"}],"version-history":[{"count":32,"href":"https:\/\/wistitibox.be\/index.php?rest_route=\/wp\/v2\/pages\/29082\/revisions"}],"predecessor-version":[{"id":29267,"href":"https:\/\/wistitibox.be\/index.php?rest_route=\/wp\/v2\/pages\/29082\/revisions\/29267"}],"wp:attachment":[{"href":"https:\/\/wistitibox.be\/index.php?rest_route=%2Fwp%2Fv2%2Fmedia&parent=29082"}],"curies":[{"name":"wp","href":"https:\/\/api.w.org\/{rel}","templated":true}]}}