{"id":29196,"date":"2024-09-07T18:16:21","date_gmt":"2024-09-07T16:16:21","guid":{"rendered":"https:\/\/wistitibox.be\/?page_id=29196"},"modified":"2026-03-07T08:01:19","modified_gmt":"2026-03-07T07:01:19","slug":"audiobook","status":"publish","type":"page","link":"https:\/\/wistitibox.be\/?page_id=29196","title":{"rendered":"Audiobook"},"content":{"rendered":"<p>[et_pb_section fb_built=\u00a0\u00bb1&Prime; admin_label=\u00a0\u00bbHeader\u00a0\u00bb _builder_version=\u00a0\u00bb4.19.5&Prime; _module_preset=\u00a0\u00bbdefault\u00a0\u00bb background_color=\u00a0\u00bbgcid-1bcf785a-50e1-437b-b09f-65567babc1de\u00a0\u00bb background_image=\u00a0\u00bbhttps:\/\/wistitibox.be\/wp-content\/uploads\/2024\/02\/ai-40c.png\u00a0\u00bb background_size=\u00a0\u00bbcustom\u00a0\u00bb background_image_width=\u00a0\u00bb40%\u00a0\u00bb background_position=\u00a0\u00bbtop_right\u00a0\u00bb collapsed=\u00a0\u00bbon\u00a0\u00bb global_colors_info=\u00a0\u00bb{%22gcid-1bcf785a-50e1-437b-b09f-65567babc1de%22:%91%22background_color%22%93}\u00a0\u00bb][et_pb_row _builder_version=\u00a0\u00bb4.24.0&Prime; _module_preset=\u00a0\u00bbdefault\u00a0\u00bb width=\u00a0\u00bb56%\u00a0\u00bb global_colors_info=\u00a0\u00bb{}\u00a0\u00bb][et_pb_column type=\u00a0\u00bb4_4&Prime; _builder_version=\u00a0\u00bb4.19.2&Prime; _module_preset=\u00a0\u00bbdefault\u00a0\u00bb global_colors_info=\u00a0\u00bb{}\u00a0\u00bb][et_pb_text _builder_version=\u00a0\u00bb4.24.0&Prime; _module_preset=\u00a0\u00bb4047f141-b34c-4c4c-9903-4ee226f9ac60&Prime; text_orientation=\u00a0\u00bbcenter\u00a0\u00bb custom_margin=\u00a0\u00bb||10px||false|false\u00a0\u00bb global_colors_info=\u00a0\u00bb{}\u00a0\u00bb]<\/p>\n<h1>WistitiBook<\/h1>\n<p>[\/et_pb_text][et_pb_text _builder_version=\u00a0\u00bb4.27.4&Prime; _module_preset=\u00a0\u00bb3fb94fb5-b383-4a00-bd86-1ffa3cbc2a34&Prime; text_orientation=\u00a0\u00bbcenter\u00a0\u00bb hover_enabled=\u00a0\u00bb0&Prime; global_colors_info=\u00a0\u00bb{}\u00a0\u00bb sticky_enabled=\u00a0\u00bb0&Prime;]<\/p>\n<h4>L&rsquo;audiobook et Videobook, un livre d&rsquo;or \u00e0 \u00e9couter ou \u00e0 regarder<\/h4>\n<p>[\/et_pb_text][\/et_pb_column][\/et_pb_row][\/et_pb_section][et_pb_section fb_built=\u00a0\u00bb1&Prime; admin_label=\u00a0\u00bbStats\u00a0\u00bb _builder_version=\u00a0\u00bb4.24.0&Prime; _module_preset=\u00a0\u00bbdefault\u00a0\u00bb background_color=\u00a0\u00bbgcid-1bcf785a-50e1-437b-b09f-65567babc1de\u00a0\u00bb collapsed=\u00a0\u00bbon\u00a0\u00bb global_colors_info=\u00a0\u00bb{%22gcid-1bcf785a-50e1-437b-b09f-65567babc1de%22:%91%22background_color%22%93}\u00a0\u00bb][et_pb_row column_structure=\u00a0\u00bb1_2,1_2&Prime; use_custom_gutter=\u00a0\u00bbon\u00a0\u00bb gutter_width=\u00a0\u00bb2&Prime; custom_padding_last_edited=\u00a0\u00bbon|tablet\u00a0\u00bb _builder_version=\u00a0\u00bb4.24.0&Prime; _module_preset=\u00a0\u00bbdefault\u00a0\u00bb background_color=\u00a0\u00bbgcid-f1f9244b-c8ab-43e1-95c3-c0bdf69ac7b5&Prime; custom_padding=\u00a0\u00bb40px|40px|40px|40px|true|true\u00a0\u00bb custom_padding_tablet=\u00a0\u00bb30px|30px|30px|30px|true|true\u00a0\u00bb custom_padding_phone=\u00a0\u00bb20px|20px|20px|20px|true|true\u00a0\u00bb border_radii=\u00a0\u00bbon|40px|40px|40px|40px\u00a0\u00bb global_colors_info=\u00a0\u00bb{%22gcid-f1f9244b-c8ab-43e1-95c3-c0bdf69ac7b5%22:%91%22background_color%22%93}\u00a0\u00bb][et_pb_column type=\u00a0\u00bb1_2&Prime; _builder_version=\u00a0\u00bb4.24.0&Prime; _module_preset=\u00a0\u00bbdefault\u00a0\u00bb global_colors_info=\u00a0\u00bb{}\u00a0\u00bb][et_pb_text _builder_version=\u00a0\u00bb4.24.0&Prime; _module_preset=\u00a0\u00bb9cb65d03-24f6-4a42-b687-ebd3489ed26f\u00a0\u00bb header_3_text_color=\u00a0\u00bb#05cdff\u00a0\u00bb text_orientation=\u00a0\u00bbcenter\u00a0\u00bb custom_margin=\u00a0\u00bb||0px||false|false\u00a0\u00bb custom_padding=\u00a0\u00bb33px||10px|||\u00a0\u00bb locked=\u00a0\u00bboff\u00a0\u00bb global_colors_info=\u00a0\u00bb{}\u00a0\u00bb]<\/p>\n<h3>Wistitiphone &#8211; audiobook<\/h3>\n<p>[\/et_pb_text][et_pb_text _builder_version=\u00a0\u00bb4.24.0&Prime; _module_preset=\u00a0\u00bb3610ff21-bd31-4e6c-9a44-ee41bbfcdbbf\u00a0\u00bb text_font=\u00a0\u00bb||on||||||\u00a0\u00bb text_text_color=\u00a0\u00bb#FFFFFF\u00a0\u00bb text_font_size=\u00a0\u00bb17px\u00a0\u00bb text_line_height=\u00a0\u00bb1.6em\u00a0\u00bb ul_font=\u00a0\u00bb||on||||||\u00a0\u00bb ul_text_color=\u00a0\u00bb#FFFFFF\u00a0\u00bb ul_font_size=\u00a0\u00bb19px\u00a0\u00bb header_4_text_color=\u00a0\u00bb#FFFFFF\u00a0\u00bb text_orientation=\u00a0\u00bbcenter\u00a0\u00bb locked=\u00a0\u00bboff\u00a0\u00bb global_colors_info=\u00a0\u00bb{}\u00a0\u00bb]<\/p>\n<p style=\"text-align: center;\"><span>Message d&rsquo;accueil personnalis\u00e9<\/span><\/p>\n<p style=\"text-align: center;\"><span>Enregistrement de tous vos audios<\/span><\/p>\n<p style=\"text-align: center;\"><span>Disponible sur cl\u00e9s USB ou envoy\u00e9 par email<\/span><\/p>\n<p style=\"text-align: center;\">Envoi via la poste, dans toute la Wallonie<\/p>\n<p>[\/et_pb_text][\/et_pb_column][et_pb_column type=\u00a0\u00bb1_2&Prime; _builder_version=\u00a0\u00bb4.19.2&Prime; _module_preset=\u00a0\u00bbdefault\u00a0\u00bb global_colors_info=\u00a0\u00bb{}\u00a0\u00bb][et_pb_image src=\u00a0\u00bbhttps:\/\/wistitibox.be\/wp-content\/uploads\/2024\/06\/Design-sans-titre-2.png\u00a0\u00bb title_text=\u00a0\u00bbDesign sans titre (2)\u00a0\u00bb align=\u00a0\u00bbcenter\u00a0\u00bb _builder_version=\u00a0\u00bb4.24.0&Prime; _module_preset=\u00a0\u00bbdefault\u00a0\u00bb width=\u00a0\u00bb65%\u00a0\u00bb max_width=\u00a0\u00bb65%\u00a0\u00bb global_colors_info=\u00a0\u00bb{}\u00a0\u00bb][\/et_pb_image][\/et_pb_column][\/et_pb_row][\/et_pb_section][et_pb_section fb_built=\u00a0\u00bb1&Prime; admin_label=\u00a0\u00bbStats\u00a0\u00bb _builder_version=\u00a0\u00bb4.24.0&Prime; _module_preset=\u00a0\u00bbdefault\u00a0\u00bb background_color=\u00a0\u00bbgcid-1bcf785a-50e1-437b-b09f-65567babc1de\u00a0\u00bb collapsed=\u00a0\u00bbon\u00a0\u00bb global_colors_info=\u00a0\u00bb{%22gcid-1bcf785a-50e1-437b-b09f-65567babc1de%22:%91%22background_color%22%93}\u00a0\u00bb][et_pb_row column_structure=\u00a0\u00bb1_2,1_2&Prime; use_custom_gutter=\u00a0\u00bbon\u00a0\u00bb gutter_width=\u00a0\u00bb2&Prime; custom_padding_last_edited=\u00a0\u00bbon|tablet\u00a0\u00bb _builder_version=\u00a0\u00bb4.24.0&Prime; _module_preset=\u00a0\u00bbdefault\u00a0\u00bb background_color=\u00a0\u00bbgcid-f1f9244b-c8ab-43e1-95c3-c0bdf69ac7b5&Prime; custom_padding=\u00a0\u00bb46px|40px|46px|40px|true|true\u00a0\u00bb custom_padding_tablet=\u00a0\u00bb30px|30px|30px|30px|true|true\u00a0\u00bb custom_padding_phone=\u00a0\u00bb20px|20px|20px|20px|true|true\u00a0\u00bb border_radii=\u00a0\u00bbon|40px|40px|40px|40px\u00a0\u00bb global_colors_info=\u00a0\u00bb{%22gcid-f1f9244b-c8ab-43e1-95c3-c0bdf69ac7b5%22:%91%22background_color%22%93}\u00a0\u00bb min_height=\u00a0\u00bb315.3px\u00a0\u00bb][et_pb_column type=\u00a0\u00bb1_2&Prime; _builder_version=\u00a0\u00bb4.24.0&Prime; _module_preset=\u00a0\u00bbdefault\u00a0\u00bb global_colors_info=\u00a0\u00bb{}\u00a0\u00bb][et_pb_image src=\u00a0\u00bbhttps:\/\/wistitibox.be\/wp-content\/uploads\/2026\/03\/Design-sans-titre.png\u00a0\u00bb title_text=\u00a0\u00bbDesign sans titre\u00a0\u00bb align=\u00a0\u00bbcenter\u00a0\u00bb _builder_version=\u00a0\u00bb4.27.4&Prime; _module_preset=\u00a0\u00bbdefault\u00a0\u00bb width=\u00a0\u00bb65%\u00a0\u00bb max_width=\u00a0\u00bb65%\u00a0\u00bb hover_enabled=\u00a0\u00bb0&Prime; global_colors_info=\u00a0\u00bb{}\u00a0\u00bb sticky_enabled=\u00a0\u00bb0&Prime;][\/et_pb_image][\/et_pb_column][et_pb_column _builder_version=\u00a0\u00bb4.27.4&Prime; _module_preset=\u00a0\u00bbdefault\u00a0\u00bb type=\u00a0\u00bb1_2&Prime;][et_pb_text _builder_version=\u00a0\u00bb4.24.0&Prime; _module_preset=\u00a0\u00bb9cb65d03-24f6-4a42-b687-ebd3489ed26f\u00a0\u00bb header_3_text_color=\u00a0\u00bb#05cdff\u00a0\u00bb text_orientation=\u00a0\u00bbcenter\u00a0\u00bb custom_margin=\u00a0\u00bb||0px||false|false\u00a0\u00bb custom_padding=\u00a0\u00bb33px||10px|||\u00a0\u00bb locked=\u00a0\u00bboff\u00a0\u00bb global_colors_info=\u00a0\u00bb{}\u00a0\u00bb]<\/p>\n<h3>Wistitibook &#8211; videobook<\/h3>\n<p>[\/et_pb_text][et_pb_text _builder_version=\u00a0\u00bb4.24.0&Prime; _module_preset=\u00a0\u00bb3610ff21-bd31-4e6c-9a44-ee41bbfcdbbf\u00a0\u00bb text_font=\u00a0\u00bb||on||||||\u00a0\u00bb text_text_color=\u00a0\u00bb#FFFFFF\u00a0\u00bb text_font_size=\u00a0\u00bb17px\u00a0\u00bb text_line_height=\u00a0\u00bb1.6em\u00a0\u00bb ul_font=\u00a0\u00bb||on||||||\u00a0\u00bb ul_text_color=\u00a0\u00bb#FFFFFF\u00a0\u00bb ul_font_size=\u00a0\u00bb19px\u00a0\u00bb header_4_text_color=\u00a0\u00bb#FFFFFF\u00a0\u00bb text_orientation=\u00a0\u00bbcenter\u00a0\u00bb locked=\u00a0\u00bboff\u00a0\u00bb global_colors_info=\u00a0\u00bb{}\u00a0\u00bb]<\/p>\n<p style=\"text-align: center;\"><span>Message d&rsquo;accueil personnalis\u00e9<\/span><\/p>\n<p style=\"text-align: center;\"><span>Enregistrement de tous vos audios<\/span><\/p>\n<p style=\"text-align: center;\"><span>Disponible sur cl\u00e9s USB ou envoy\u00e9 par email<\/span><\/p>\n<p style=\"text-align: center;\">Envoi via la poste, dans toute la Wallonie<\/p>\n<p>[\/et_pb_text][\/et_pb_column][\/et_pb_row][\/et_pb_section][et_pb_section fb_built=\u00a0\u00bb1&Prime; _builder_version=\u00a0\u00bb4.24.0&Prime; _module_preset=\u00a0\u00bbdefault\u00a0\u00bb background_color=\u00a0\u00bb#0f0122&Prime; global_colors_info=\u00a0\u00bb{}\u00a0\u00bb][et_pb_row _builder_version=\u00a0\u00bb4.24.0&Prime; _module_preset=\u00a0\u00bbdefault\u00a0\u00bb global_colors_info=\u00a0\u00bb{}\u00a0\u00bb][et_pb_column type=\u00a0\u00bb4_4&Prime; _builder_version=\u00a0\u00bb4.24.0&Prime; _module_preset=\u00a0\u00bbdefault\u00a0\u00bb global_colors_info=\u00a0\u00bb{}\u00a0\u00bb][et_pb_button button_url=\u00a0\u00bb@ET-DC@eyJkeW5hbWljIjp0cnVlLCJjb250ZW50IjoicG9zdF9saW5rX3VybF9wYWdlIiwic2V0dGluZ3MiOnsicG9zdF9pZCI6IjI5MDgyIn19@\u00a0\u00bb button_text=\u00a0\u00bbR\u00e9servation\u00a0\u00bb button_alignment=\u00a0\u00bbcenter\u00a0\u00bb _builder_version=\u00a0\u00bb4.24.0&Prime; _dynamic_attributes=\u00a0\u00bbbutton_url\u00a0\u00bb _module_preset=\u00a0\u00bbdefault\u00a0\u00bb custom_button=\u00a0\u00bbon\u00a0\u00bb button_text_size=\u00a0\u00bb29px\u00a0\u00bb button_bg_color=\u00a0\u00bb#0C71C3&Prime; button_border_width=\u00a0\u00bb1px\u00a0\u00bb button_border_radius=\u00a0\u00bb63px\u00a0\u00bb button_icon=\u00a0\u00bb&#x3d;||divi||400&Prime; transform_scale=\u00a0\u00bb108%|108%\u00a0\u00bb background_layout=\u00a0\u00bbdark\u00a0\u00bb global_colors_info=\u00a0\u00bb{}\u00a0\u00bb][\/et_pb_button][\/et_pb_column][\/et_pb_row][\/et_pb_section]<\/p>\n","protected":false},"excerpt":{"rendered":"<p>WistitiBookL&rsquo;audiobook et Videobook, un livre d&rsquo;or \u00e0 \u00e9couter ou \u00e0 regarderWistitiphone &#8211; audiobookMessage d&rsquo;accueil personnalis\u00e9 Enregistrement de tous vos audios Disponible sur cl\u00e9s USB ou envoy\u00e9 par email Envoi via la poste, dans toute la WallonieWistitibook &#8211; videobookMessage d&rsquo;accueil personnalis\u00e9 Enregistrement de tous vos audios Disponible sur cl\u00e9s USB ou envoy\u00e9 par email Envoi via [&hellip;]<\/p>\n","protected":false},"author":1,"featured_media":0,"parent":0,"menu_order":0,"comment_status":"closed","ping_status":"closed","template":"","meta":{"_et_pb_use_builder":"on","_et_pb_old_content":"","_et_gb_content_width":"","footnotes":""},"class_list":["post-29196","page","type-page","status-publish","hentry"],"yoast_head":"<!-- This site is optimized with the Yoast SEO Premium plugin v22.7 (Yoast SEO v27.5) - https:\/\/yoast.com\/product\/yoast-seo-premium-wordpress\/ -->\n<title>Profitez des Photomatons \u00e0 Louer pour vos \u00e9v\u00e9nements - Wistitibox<\/title>\n<meta name=\"description\" content=\"Louez nos photomatons \u00e0 louer avec papier 10x15 et bandes 5x15, accessoires, filtres photos, gifs anim\u00e9s, vid\u00e9os, 4G, stockage et partage web\" \/>\n<meta name=\"robots\" content=\"index, follow, max-snippet:-1, max-image-preview:large, max-video-preview:-1\" \/>\n<link rel=\"canonical\" href=\"https:\/\/wistitibox.be\/?page_id=29196\" \/>\n<meta property=\"og:locale\" content=\"fr_FR\" \/>\n<meta property=\"og:type\" content=\"article\" \/>\n<meta property=\"og:title\" content=\"Audiobook\" \/>\n<meta property=\"og:description\" content=\"Louez nos photomatons \u00e0 louer avec papier 10x15 et bandes 5x15, accessoires, filtres photos, gifs anim\u00e9s, vid\u00e9os, 4G, stockage et partage web\" \/>\n<meta property=\"og:url\" content=\"https:\/\/wistitibox.be\/?page_id=29196\" \/>\n<meta property=\"og:site_name\" content=\"Wistitibox\" \/>\n<meta property=\"article:publisher\" content=\"https:\/\/www.facebook.com\/profile.php?id=100093981122246\" \/>\n<meta property=\"article:modified_time\" content=\"2026-03-07T07:01:19+00:00\" \/>\n<meta name=\"twitter:card\" content=\"summary_large_image\" \/>\n<meta name=\"twitter:label1\" content=\"Dur\u00e9e de lecture estim\u00e9e\" \/>\n\t<meta name=\"twitter:data1\" content=\"1 minute\" \/>\n<script type=\"application\/ld+json\" class=\"yoast-schema-graph\">{\"@context\":\"https:\\\/\\\/schema.org\",\"@graph\":[{\"@type\":\"WebPage\",\"@id\":\"https:\\\/\\\/wistitibox.be\\\/?page_id=29196\",\"url\":\"https:\\\/\\\/wistitibox.be\\\/?page_id=29196\",\"name\":\"Profitez des Photomatons \u00e0 Louer pour vos \u00e9v\u00e9nements - Wistitibox\",\"isPartOf\":{\"@id\":\"https:\\\/\\\/wistitibox.be\\\/#website\"},\"datePublished\":\"2024-09-07T16:16:21+00:00\",\"dateModified\":\"2026-03-07T07:01:19+00:00\",\"description\":\"Louez nos photomatons \u00e0 louer avec papier 10x15 et bandes 5x15, accessoires, filtres photos, gifs anim\u00e9s, vid\u00e9os, 4G, stockage et partage web\",\"breadcrumb\":{\"@id\":\"https:\\\/\\\/wistitibox.be\\\/?page_id=29196#breadcrumb\"},\"inLanguage\":\"fr-FR\",\"potentialAction\":[{\"@type\":\"ReadAction\",\"target\":[\"https:\\\/\\\/wistitibox.be\\\/?page_id=29196\"]}]},{\"@type\":\"BreadcrumbList\",\"@id\":\"https:\\\/\\\/wistitibox.be\\\/?page_id=29196#breadcrumb\",\"itemListElement\":[{\"@type\":\"ListItem\",\"position\":1,\"name\":\"Accueil\",\"item\":\"https:\\\/\\\/wistitibox.be\\\/\"},{\"@type\":\"ListItem\",\"position\":2,\"name\":\"Audiobook\"}]},{\"@type\":\"WebSite\",\"@id\":\"https:\\\/\\\/wistitibox.be\\\/#website\",\"url\":\"https:\\\/\\\/wistitibox.be\\\/\",\"name\":\"Wistitibox\",\"description\":\"Le photomaton qui vous fait sourire !\",\"publisher\":{\"@id\":\"https:\\\/\\\/wistitibox.be\\\/#organization\"},\"potentialAction\":[{\"@type\":\"SearchAction\",\"target\":{\"@type\":\"EntryPoint\",\"urlTemplate\":\"https:\\\/\\\/wistitibox.be\\\/?s={search_term_string}\"},\"query-input\":{\"@type\":\"PropertyValueSpecification\",\"valueRequired\":true,\"valueName\":\"search_term_string\"}}],\"inLanguage\":\"fr-FR\"},{\"@type\":\"Organization\",\"@id\":\"https:\\\/\\\/wistitibox.be\\\/#organization\",\"name\":\"Wistitibox\",\"url\":\"https:\\\/\\\/wistitibox.be\\\/\",\"logo\":{\"@type\":\"ImageObject\",\"inLanguage\":\"fr-FR\",\"@id\":\"https:\\\/\\\/wistitibox.be\\\/#\\\/schema\\\/logo\\\/image\\\/\",\"url\":\"https:\\\/\\\/wistitibox.be\\\/wp-content\\\/uploads\\\/2023\\\/06\\\/logo-profil.png\",\"contentUrl\":\"https:\\\/\\\/wistitibox.be\\\/wp-content\\\/uploads\\\/2023\\\/06\\\/logo-profil.png\",\"width\":5064,\"height\":5925,\"caption\":\"Wistitibox\"},\"image\":{\"@id\":\"https:\\\/\\\/wistitibox.be\\\/#\\\/schema\\\/logo\\\/image\\\/\"},\"sameAs\":[\"https:\\\/\\\/www.facebook.com\\\/profile.php?id=100093981122246\",\"https:\\\/\\\/www.instagram.com\\\/wistitibox\\\/\"]}]}<\/script>\n<!-- \/ Yoast SEO Premium plugin. -->","yoast_head_json":{"title":"Profitez des Photomatons \u00e0 Louer pour vos \u00e9v\u00e9nements - Wistitibox","description":"Louez nos photomatons \u00e0 louer avec papier 10x15 et bandes 5x15, accessoires, filtres photos, gifs anim\u00e9s, vid\u00e9os, 4G, stockage et partage web","robots":{"index":"index","follow":"follow","max-snippet":"max-snippet:-1","max-image-preview":"max-image-preview:large","max-video-preview":"max-video-preview:-1"},"canonical":"https:\/\/wistitibox.be\/?page_id=29196","og_locale":"fr_FR","og_type":"article","og_title":"Audiobook","og_description":"Louez nos photomatons \u00e0 louer avec papier 10x15 et bandes 5x15, accessoires, filtres photos, gifs anim\u00e9s, vid\u00e9os, 4G, stockage et partage web","og_url":"https:\/\/wistitibox.be\/?page_id=29196","og_site_name":"Wistitibox","article_publisher":"https:\/\/www.facebook.com\/profile.php?id=100093981122246","article_modified_time":"2026-03-07T07:01:19+00:00","twitter_card":"summary_large_image","twitter_misc":{"Dur\u00e9e de lecture estim\u00e9e":"1 minute"},"schema":{"@context":"https:\/\/schema.org","@graph":[{"@type":"WebPage","@id":"https:\/\/wistitibox.be\/?page_id=29196","url":"https:\/\/wistitibox.be\/?page_id=29196","name":"Profitez des Photomatons \u00e0 Louer pour vos \u00e9v\u00e9nements - Wistitibox","isPartOf":{"@id":"https:\/\/wistitibox.be\/#website"},"datePublished":"2024-09-07T16:16:21+00:00","dateModified":"2026-03-07T07:01:19+00:00","description":"Louez nos photomatons \u00e0 louer avec papier 10x15 et bandes 5x15, accessoires, filtres photos, gifs anim\u00e9s, vid\u00e9os, 4G, stockage et partage web","breadcrumb":{"@id":"https:\/\/wistitibox.be\/?page_id=29196#breadcrumb"},"inLanguage":"fr-FR","potentialAction":[{"@type":"ReadAction","target":["https:\/\/wistitibox.be\/?page_id=29196"]}]},{"@type":"BreadcrumbList","@id":"https:\/\/wistitibox.be\/?page_id=29196#breadcrumb","itemListElement":[{"@type":"ListItem","position":1,"name":"Accueil","item":"https:\/\/wistitibox.be\/"},{"@type":"ListItem","position":2,"name":"Audiobook"}]},{"@type":"WebSite","@id":"https:\/\/wistitibox.be\/#website","url":"https:\/\/wistitibox.be\/","name":"Wistitibox","description":"Le photomaton qui vous fait sourire !","publisher":{"@id":"https:\/\/wistitibox.be\/#organization"},"potentialAction":[{"@type":"SearchAction","target":{"@type":"EntryPoint","urlTemplate":"https:\/\/wistitibox.be\/?s={search_term_string}"},"query-input":{"@type":"PropertyValueSpecification","valueRequired":true,"valueName":"search_term_string"}}],"inLanguage":"fr-FR"},{"@type":"Organization","@id":"https:\/\/wistitibox.be\/#organization","name":"Wistitibox","url":"https:\/\/wistitibox.be\/","logo":{"@type":"ImageObject","inLanguage":"fr-FR","@id":"https:\/\/wistitibox.be\/#\/schema\/logo\/image\/","url":"https:\/\/wistitibox.be\/wp-content\/uploads\/2023\/06\/logo-profil.png","contentUrl":"https:\/\/wistitibox.be\/wp-content\/uploads\/2023\/06\/logo-profil.png","width":5064,"height":5925,"caption":"Wistitibox"},"image":{"@id":"https:\/\/wistitibox.be\/#\/schema\/logo\/image\/"},"sameAs":["https:\/\/www.facebook.com\/profile.php?id=100093981122246","https:\/\/www.instagram.com\/wistitibox\/"]}]}},"_links":{"self":[{"href":"https:\/\/wistitibox.be\/index.php?rest_route=\/wp\/v2\/pages\/29196","targetHints":{"allow":["GET"]}}],"collection":[{"href":"https:\/\/wistitibox.be\/index.php?rest_route=\/wp\/v2\/pages"}],"about":[{"href":"https:\/\/wistitibox.be\/index.php?rest_route=\/wp\/v2\/types\/page"}],"author":[{"embeddable":true,"href":"https:\/\/wistitibox.be\/index.php?rest_route=\/wp\/v2\/users\/1"}],"replies":[{"embeddable":true,"href":"https:\/\/wistitibox.be\/index.php?rest_route=%2Fwp%2Fv2%2Fcomments&post=29196"}],"version-history":[{"count":4,"href":"https:\/\/wistitibox.be\/index.php?rest_route=\/wp\/v2\/pages\/29196\/revisions"}],"predecessor-version":[{"id":29260,"href":"https:\/\/wistitibox.be\/index.php?rest_route=\/wp\/v2\/pages\/29196\/revisions\/29260"}],"wp:attachment":[{"href":"https:\/\/wistitibox.be\/index.php?rest_route=%2Fwp%2Fv2%2Fmedia&parent=29196"}],"curies":[{"name":"wp","href":"https:\/\/api.w.org\/{rel}","templated":true}]}}