{"id":29209,"date":"2024-09-07T18:51:33","date_gmt":"2024-09-07T16:51:33","guid":{"rendered":"https:\/\/wistitibox.be\/?page_id=29209"},"modified":"2025-12-16T15:38:53","modified_gmt":"2025-12-16T14:38:53","slug":"nos-tarifs","status":"publish","type":"page","link":"https:\/\/wistitibox.be\/?page_id=29209","title":{"rendered":"Nos Tarifs"},"content":{"rendered":"<p>[et_pb_section fb_built=\u00a0\u00bb1&Prime; make_equal=\u00a0\u00bbon\u00a0\u00bb specialty=\u00a0\u00bbon\u00a0\u00bb background_color_1=\u00a0\u00bbgcid-f1f9244b-c8ab-43e1-95c3-c0bdf69ac7b5&Prime; bg_img_1=\u00a0\u00bbhttps:\/\/wistitibox.be\/wp-content\/uploads\/2024\/02\/ai-44.png\u00a0\u00bb background_size_1=\u00a0\u00bbcustom\u00a0\u00bb background_image_width_1=\u00a0\u00bb60%\u00a0\u00bb background_position_1=\u00a0\u00bbbottom_right\u00a0\u00bb padding_top_1=\u00a0\u00bb60px\u00a0\u00bb padding_right_1=\u00a0\u00bb20%\u00a0\u00bb padding_bottom_1=\u00a0\u00bb60px\u00a0\u00bb padding_left_1=\u00a0\u00bb60px\u00a0\u00bb padding_top_bottom_link_1=\u00a0\u00bbtrue\u00a0\u00bb padding_left_right_link_1=\u00a0\u00bbfalse\u00a0\u00bb padding_1_tablet=\u00a0\u00bb30px|50%|30px|30px|true|false\u00a0\u00bb padding_1_phone=\u00a0\u00bb20px|20px|20px|20px|true|true\u00a0\u00bb padding_1_last_edited=\u00a0\u00bbon|desktop\u00a0\u00bb admin_label=\u00a0\u00bbPricing\u00a0\u00bb _builder_version=\u00a0\u00bb4.19.5&Prime; _module_preset=\u00a0\u00bbdefault\u00a0\u00bb background_color=\u00a0\u00bbgcid-1bcf785a-50e1-437b-b09f-65567babc1de\u00a0\u00bb locked=\u00a0\u00bboff\u00a0\u00bb collapsed=\u00a0\u00bbon\u00a0\u00bb global_colors_info=\u00a0\u00bb{%22gcid-1bcf785a-50e1-437b-b09f-65567babc1de%22:%91%22background_color%22%93,%22gcid-f1f9244b-c8ab-43e1-95c3-c0bdf69ac7b5%22:%91%22background_color_1%22%93}\u00a0\u00bb][et_pb_column type=\u00a0\u00bb1_2&Prime; _builder_version=\u00a0\u00bb4.16&Prime; _module_preset=\u00a0\u00bbdefault\u00a0\u00bb custom_padding=\u00a0\u00bb|||\u00a0\u00bb global_colors_info=\u00a0\u00bb{}\u00a0\u00bb custom_padding__hover=\u00a0\u00bb|||\u00a0\u00bb][et_pb_text _builder_version=\u00a0\u00bb4.24.0&Prime; _module_preset=\u00a0\u00bb3c085cac-6b69-4e0f-a878-37100840bc1b\u00a0\u00bb header_text_color=\u00a0\u00bb#E02B20&Prime; header_4_text_color=\u00a0\u00bb#FC9569&Prime; global_colors_info=\u00a0\u00bb{}\u00a0\u00bb]<\/p>\n<h4>Wistitibox Digitale<\/h4>\n<p>[\/et_pb_text][et_pb_text _builder_version=\u00a0\u00bb4.24.0&Prime; _module_preset=\u00a0\u00bb38ae7fb7-22fc-4456-8c70-cbc539bad3eb\u00a0\u00bb header_2_font=\u00a0\u00bb|800|on||||||\u00a0\u00bb header_2_font_size=\u00a0\u00bb42px\u00a0\u00bb global_colors_info=\u00a0\u00bb{}\u00a0\u00bb]<\/p>\n<h2>95\u20ac<\/h2>\n<p>[\/et_pb_text][et_pb_text _builder_version=\u00a0\u00bb4.24.0&Prime; _module_preset=\u00a0\u00bb0a537b89-0884-44a7-be3a-deab51d85cac\u00a0\u00bb custom_margin=\u00a0\u00bb||10px||false|false\u00a0\u00bb global_colors_info=\u00a0\u00bb{}\u00a0\u00bb]<\/p>\n<p>Notre box est fournie avec<\/p>\n<ul>\n<li>Box avec son pied<\/li>\n<li>Photo digitale illimit\u00e9e\u00a0<\/li>\n<li>Partage via WhatsApp et Mail<\/li>\n<\/ul>\n<p>[\/et_pb_text][et_pb_text _builder_version=\u00a0\u00bb4.24.0&Prime; _module_preset=\u00a0\u00bbdefault\u00a0\u00bb global_colors_info=\u00a0\u00bb{}\u00a0\u00bb]<\/p>\n<p>PAS DE LIVRAISON POUR LA VERSION DIGITALE<\/p>\n<p>[\/et_pb_text][et_pb_button button_url=\u00a0\u00bbtel:081396415&Prime; button_text=\u00a0\u00bbContactez-nous\u00a0\u00bb _builder_version=\u00a0\u00bb4.24.0&Prime; _module_preset=\u00a0\u00bbb42e788c-75e4-477e-ba62-b857b8a587b5&Prime; button_text_color=\u00a0\u00bb#FFFFFF\u00a0\u00bb button_bg_color=\u00a0\u00bb#E09900&Prime; custom_margin=\u00a0\u00bb30px||||false|false\u00a0\u00bb global_colors_info=\u00a0\u00bb{}\u00a0\u00bb][\/et_pb_button][et_pb_image src=\u00a0\u00bbhttps:\/\/wistitibox.be\/wp-content\/uploads\/2024\/02\/Design-sans-titre.png\u00a0\u00bb title_text=\u00a0\u00bbDesign sans titre\u00a0\u00bb align=\u00a0\u00bbcenter\u00a0\u00bb _builder_version=\u00a0\u00bb4.24.0&Prime; _module_preset=\u00a0\u00bbdefault\u00a0\u00bb custom_margin=\u00a0\u00bb2px|-34px|-34px|-36px|false|false\u00a0\u00bb custom_margin_tablet=\u00a0\u00bb-60px||-30px|-90px|false|false\u00a0\u00bb custom_margin_phone=\u00a0\u00bb|||0px|false|false\u00a0\u00bb custom_margin_last_edited=\u00a0\u00bbon|phone\u00a0\u00bb custom_padding=\u00a0\u00bb13px|||||\u00a0\u00bb locked=\u00a0\u00bboff\u00a0\u00bb global_colors_info=\u00a0\u00bb{}\u00a0\u00bb][\/et_pb_image][\/et_pb_column][et_pb_column type=\u00a0\u00bb1_2&Prime; specialty_columns=\u00a0\u00bb2&Prime; _builder_version=\u00a0\u00bb4.16&Prime; _module_preset=\u00a0\u00bbdefault\u00a0\u00bb custom_padding=\u00a0\u00bb|||\u00a0\u00bb global_colors_info=\u00a0\u00bb{}\u00a0\u00bb custom_padding__hover=\u00a0\u00bb|||\u00a0\u00bb][et_pb_row_inner custom_padding_last_edited=\u00a0\u00bbon|tablet\u00a0\u00bb _builder_version=\u00a0\u00bb4.19.2&Prime; _module_preset=\u00a0\u00bbdefault\u00a0\u00bb custom_margin=\u00a0\u00bb||60px||false|false\u00a0\u00bb custom_margin_tablet=\u00a0\u00bb||30px||false|false\u00a0\u00bb custom_margin_phone=\u00a0\u00bb||30px||false|false\u00a0\u00bb custom_margin_last_edited=\u00a0\u00bbon|tablet\u00a0\u00bb custom_padding=\u00a0\u00bb50px|50px|50px|50px|true|true\u00a0\u00bb custom_padding_tablet=\u00a0\u00bb30px|30px|30px|30px|true|true\u00a0\u00bb custom_padding_phone=\u00a0\u00bb20px|20px|20px|20px|true|true\u00a0\u00bb border_radii=\u00a0\u00bbon|20px|20px|20px|20px\u00a0\u00bb border_width_all=\u00a0\u00bb1px\u00a0\u00bb border_color_all=\u00a0\u00bb#FFFFFF\u00a0\u00bb global_colors_info=\u00a0\u00bb{}\u00a0\u00bb][et_pb_column_inner saved_specialty_column_type=\u00a0\u00bb1_2&Prime; _builder_version=\u00a0\u00bb4.19.2&Prime; _module_preset=\u00a0\u00bbdefault\u00a0\u00bb global_colors_info=\u00a0\u00bb{}\u00a0\u00bb][et_pb_text _builder_version=\u00a0\u00bb4.24.0&Prime; _module_preset=\u00a0\u00bb3c085cac-6b69-4e0f-a878-37100840bc1b\u00a0\u00bb header_4_text_color=\u00a0\u00bb#FC9569&Prime; locked=\u00a0\u00bboff\u00a0\u00bb global_colors_info=\u00a0\u00bb{}\u00a0\u00bb]<\/p>\n<h4>Wistitibox digitale comprise + imprimante<\/h4>\n<p>[\/et_pb_text][et_pb_text _builder_version=\u00a0\u00bb4.24.0&Prime; _module_preset=\u00a0\u00bbe98be883-5ec7-4fb8-ab5d-21b638c181fc\u00a0\u00bb header_2_font=\u00a0\u00bb|800|on||||||\u00a0\u00bb header_2_font_size=\u00a0\u00bb42px\u00a0\u00bb global_colors_info=\u00a0\u00bb{}\u00a0\u00bb]<\/p>\n<h2>50 \u00e0 400 photos<\/h2>\n<p>[\/et_pb_text][et_pb_text _builder_version=\u00a0\u00bb4.24.0&Prime; _module_preset=\u00a0\u00bb0a537b89-0884-44a7-be3a-deab51d85cac\u00a0\u00bb text_text_color=\u00a0\u00bb#FFFFFF\u00a0\u00bb custom_margin=\u00a0\u00bb|-101px|10px||false|false\u00a0\u00bb custom_padding=\u00a0\u00bb|54px||||\u00a0\u00bb text_font_size_tablet=\u00a0\u00bb\u00a0\u00bb text_font_size_phone=\u00a0\u00bb15px\u00a0\u00bb text_font_size_last_edited=\u00a0\u00bbon|phone\u00a0\u00bb global_colors_info=\u00a0\u00bb{}\u00a0\u00bb]<\/p>\n<p>La box avec imprimante est identique<br \/>\u00e0 la version digitale<\/p>\n<ul>\n<li>50 photos &#8211; 125\u20ac<\/li>\n<li>100 photos &#8211; 175\u20ac<\/li>\n<li>200 photos &#8211; 225\u20ac<\/li>\n<li>400 photos &#8211; 275\u20ac<\/li>\n<\/ul>\n<p>[\/et_pb_text][\/et_pb_column_inner][\/et_pb_row_inner][et_pb_row_inner custom_padding_last_edited=\u00a0\u00bbon|tablet\u00a0\u00bb _builder_version=\u00a0\u00bb4.24.0&Prime; _module_preset=\u00a0\u00bbdefault\u00a0\u00bb custom_padding=\u00a0\u00bb50px|50px|50px|50px|true|true\u00a0\u00bb custom_padding_tablet=\u00a0\u00bb30px|30px|30px|30px|true|true\u00a0\u00bb custom_padding_phone=\u00a0\u00bb20px|20px|20px|20px|true|true\u00a0\u00bb border_radii=\u00a0\u00bbon|20px|20px|20px|20px\u00a0\u00bb border_width_all=\u00a0\u00bb1px\u00a0\u00bb border_color_all=\u00a0\u00bb#FFFFFF\u00a0\u00bb global_colors_info=\u00a0\u00bb{}\u00a0\u00bb][et_pb_column_inner saved_specialty_column_type=\u00a0\u00bb1_2&Prime; _builder_version=\u00a0\u00bb4.24.0&Prime; _module_preset=\u00a0\u00bbdefault\u00a0\u00bb global_colors_info=\u00a0\u00bb{}\u00a0\u00bb][et_pb_text _builder_version=\u00a0\u00bb4.27.4&Prime; _module_preset=\u00a0\u00bb3c085cac-6b69-4e0f-a878-37100840bc1b\u00a0\u00bb header_4_text_color=\u00a0\u00bb#FC9569&Prime; hover_enabled=\u00a0\u00bb0&Prime; locked=\u00a0\u00bboff\u00a0\u00bb global_colors_info=\u00a0\u00bb{}\u00a0\u00bb sticky_enabled=\u00a0\u00bb0&Prime;]<\/p>\n<h4>Option<\/h4>\n<p>[\/et_pb_text][et_pb_text _builder_version=\u00a0\u00bb4.27.4&Prime; _module_preset=\u00a0\u00bb508a4c05-5662-4e13-b92b-cb41fed95133&Prime; text_text_color=\u00a0\u00bb#FFFFFF\u00a0\u00bb header_4_text_color=\u00a0\u00bbrgba(255,255,255,0.75)\u00a0\u00bb hover_enabled=\u00a0\u00bb0&Prime; locked=\u00a0\u00bboff\u00a0\u00bb global_colors_info=\u00a0\u00bb{}\u00a0\u00bb sticky_enabled=\u00a0\u00bb0&Prime;]<\/p>\n<p>400 impressions suppl\u00e9mentaires 100\u20ac<\/p>\n<p>Livraison 100\u20ac \u2013 valable uniquement sur le forfait 400 photos<\/p>\n<p>[\/et_pb_text][\/et_pb_column_inner][\/et_pb_row_inner][\/et_pb_column][\/et_pb_section][et_pb_section fb_built=\u00a0\u00bb1&Prime; _builder_version=\u00a0\u00bb4.24.0&Prime; _module_preset=\u00a0\u00bbdefault\u00a0\u00bb background_color=\u00a0\u00bb#0f0122&Prime; locked=\u00a0\u00bboff\u00a0\u00bb global_colors_info=\u00a0\u00bb{}\u00a0\u00bb][et_pb_row column_structure=\u00a0\u00bb1_2,1_2&Prime; _builder_version=\u00a0\u00bb4.24.0&Prime; _module_preset=\u00a0\u00bbdefault\u00a0\u00bb border_radii=\u00a0\u00bbon|10px|10px|10px|10px\u00a0\u00bb border_width_all=\u00a0\u00bb4px\u00a0\u00bb border_color_all=\u00a0\u00bb#ffffff\u00a0\u00bb global_colors_info=\u00a0\u00bb{}\u00a0\u00bb][et_pb_column type=\u00a0\u00bb1_2&Prime; _builder_version=\u00a0\u00bb4.24.0&Prime; _module_preset=\u00a0\u00bbdefault\u00a0\u00bb global_colors_info=\u00a0\u00bb{}\u00a0\u00bb][et_pb_image src=\u00a0\u00bbhttps:\/\/wistitibox.be\/wp-content\/uploads\/2024\/06\/telephone-livredor.png\u00a0\u00bb title_text=\u00a0\u00bbtelephone-livredor\u00a0\u00bb _builder_version=\u00a0\u00bb4.24.0&Prime; _module_preset=\u00a0\u00bbdefault\u00a0\u00bb global_colors_info=\u00a0\u00bb{}\u00a0\u00bb][\/et_pb_image][\/et_pb_column][et_pb_column type=\u00a0\u00bb1_2&Prime; _builder_version=\u00a0\u00bb4.24.0&Prime; _module_preset=\u00a0\u00bbdefault\u00a0\u00bb global_colors_info=\u00a0\u00bb{}\u00a0\u00bb][et_pb_text _builder_version=\u00a0\u00bb4.24.0&Prime; _module_preset=\u00a0\u00bb3c085cac-6b69-4e0f-a878-37100840bc1b\u00a0\u00bb header_4_text_color=\u00a0\u00bb#FC9569&Prime; locked=\u00a0\u00bboff\u00a0\u00bb global_colors_info=\u00a0\u00bb{}\u00a0\u00bb]<\/p>\n<h4>T\u00e9l\u00e9phone livre d&rsquo;or\u00a0<\/h4>\n<p>[\/et_pb_text][et_pb_text _builder_version=\u00a0\u00bb4.24.0&Prime; _module_preset=\u00a0\u00bbe98be883-5ec7-4fb8-ab5d-21b638c181fc\u00a0\u00bb header_2_font=\u00a0\u00bb|800|on||||||\u00a0\u00bb header_2_font_size=\u00a0\u00bb42px\u00a0\u00bb global_colors_info=\u00a0\u00bb{}\u00a0\u00bb]<\/p>\n<h2>Enregistrement de message audio<\/h2>\n<p>[\/et_pb_text][et_pb_text _builder_version=\u00a0\u00bb4.24.0&Prime; _module_preset=\u00a0\u00bb0a537b89-0884-44a7-be3a-deab51d85cac\u00a0\u00bb text_text_color=\u00a0\u00bb#FFFFFF\u00a0\u00bb custom_margin=\u00a0\u00bb|-101px|10px||false|false\u00a0\u00bb custom_padding=\u00a0\u00bb|54px||||\u00a0\u00bb text_font_size_tablet=\u00a0\u00bb\u00a0\u00bb text_font_size_phone=\u00a0\u00bb15px\u00a0\u00bb text_font_size_last_edited=\u00a0\u00bbon|phone\u00a0\u00bb global_colors_info=\u00a0\u00bb{}\u00a0\u00bb]<\/p>\n<p>95\u20ac la location &#8212; 75\u20ac avec une Wistitibox<\/p>\n<p>[\/et_pb_text][\/et_pb_column][\/et_pb_row][\/et_pb_section][et_pb_section fb_built=\u00a0\u00bb1&Prime; _builder_version=\u00a0\u00bb4.24.0&Prime; _module_preset=\u00a0\u00bbdefault\u00a0\u00bb background_color=\u00a0\u00bb#0f0122&Prime; locked=\u00a0\u00bboff\u00a0\u00bb global_colors_info=\u00a0\u00bb{}\u00a0\u00bb][et_pb_row _builder_version=\u00a0\u00bb4.24.0&Prime; _module_preset=\u00a0\u00bbdefault\u00a0\u00bb global_colors_info=\u00a0\u00bb{}\u00a0\u00bb][et_pb_column type=\u00a0\u00bb4_4&Prime; _builder_version=\u00a0\u00bb4.24.0&Prime; _module_preset=\u00a0\u00bbdefault\u00a0\u00bb global_colors_info=\u00a0\u00bb{}\u00a0\u00bb][et_pb_button button_url=\u00a0\u00bb@ET-DC@eyJkeW5hbWljIjp0cnVlLCJjb250ZW50IjoicG9zdF9saW5rX3VybF9wYWdlIiwic2V0dGluZ3MiOnsicG9zdF9pZCI6IjI5MDgyIn19@\u00a0\u00bb button_text=\u00a0\u00bbR\u00e9servation\u00a0\u00bb button_alignment=\u00a0\u00bbcenter\u00a0\u00bb _builder_version=\u00a0\u00bb4.24.0&Prime; _dynamic_attributes=\u00a0\u00bbbutton_url\u00a0\u00bb _module_preset=\u00a0\u00bbdefault\u00a0\u00bb custom_button=\u00a0\u00bbon\u00a0\u00bb button_text_size=\u00a0\u00bb29px\u00a0\u00bb button_bg_color=\u00a0\u00bb#0C71C3&Prime; button_border_width=\u00a0\u00bb1px\u00a0\u00bb button_border_radius=\u00a0\u00bb63px\u00a0\u00bb button_icon=\u00a0\u00bb&#x3d;||divi||400&Prime; transform_scale=\u00a0\u00bb108%|108%\u00a0\u00bb background_layout=\u00a0\u00bbdark\u00a0\u00bb global_colors_info=\u00a0\u00bb{}\u00a0\u00bb][\/et_pb_button][\/et_pb_column][\/et_pb_row][\/et_pb_section]<\/p>\n","protected":false},"excerpt":{"rendered":"<p>Wistitibox Digitale95\u20acNotre box est fournie avec Box avec son pied Photo digitale illimit\u00e9e\u00a0 Partage via WhatsApp et Mail PAS DE LIVRAISON POUR LA VERSION DIGITALEWistitibox digitale comprise + imprimante50 \u00e0 400 photosLa box avec imprimante est identique\u00e0 la version digitale 50 photos &#8211; 125\u20ac 100 photos &#8211; 175\u20ac 200 photos &#8211; 225\u20ac 400 photos &#8211; [&hellip;]<\/p>\n","protected":false},"author":1,"featured_media":0,"parent":0,"menu_order":0,"comment_status":"closed","ping_status":"closed","template":"","meta":{"_et_pb_use_builder":"on","_et_pb_old_content":"","_et_gb_content_width":"","footnotes":""},"class_list":["post-29209","page","type-page","status-publish","hentry"],"yoast_head":"<!-- This site is optimized with the Yoast SEO Premium plugin v22.7 (Yoast SEO v27.5) - https:\/\/yoast.com\/product\/yoast-seo-premium-wordpress\/ -->\n<title>Profitez des Photomatons \u00e0 Louer pour vos \u00e9v\u00e9nements - Wistitibox<\/title>\n<meta name=\"description\" content=\"Louez nos photomatons \u00e0 louer avec papier 10x15 et bandes 5x15, accessoires, filtres photos, gifs anim\u00e9s, vid\u00e9os, 4G, stockage et partage web\" \/>\n<meta name=\"robots\" content=\"index, follow, max-snippet:-1, max-image-preview:large, max-video-preview:-1\" \/>\n<link rel=\"canonical\" href=\"https:\/\/wistitibox.be\/?page_id=29209\" \/>\n<meta property=\"og:locale\" content=\"fr_FR\" \/>\n<meta property=\"og:type\" content=\"article\" \/>\n<meta property=\"og:title\" content=\"Nos Tarifs\" \/>\n<meta property=\"og:description\" content=\"Louez nos photomatons \u00e0 louer avec papier 10x15 et bandes 5x15, accessoires, filtres photos, gifs anim\u00e9s, vid\u00e9os, 4G, stockage et partage web\" \/>\n<meta property=\"og:url\" content=\"https:\/\/wistitibox.be\/?page_id=29209\" \/>\n<meta property=\"og:site_name\" content=\"Wistitibox\" \/>\n<meta property=\"article:publisher\" content=\"https:\/\/www.facebook.com\/profile.php?id=100093981122246\" \/>\n<meta property=\"article:modified_time\" content=\"2025-12-16T14:38:53+00:00\" \/>\n<meta name=\"twitter:card\" content=\"summary_large_image\" \/>\n<meta name=\"twitter:label1\" content=\"Dur\u00e9e de lecture estim\u00e9e\" \/>\n\t<meta name=\"twitter:data1\" content=\"1 minute\" \/>\n<script type=\"application\/ld+json\" class=\"yoast-schema-graph\">{\"@context\":\"https:\\\/\\\/schema.org\",\"@graph\":[{\"@type\":\"WebPage\",\"@id\":\"https:\\\/\\\/wistitibox.be\\\/?page_id=29209\",\"url\":\"https:\\\/\\\/wistitibox.be\\\/?page_id=29209\",\"name\":\"Profitez des Photomatons \u00e0 Louer pour vos \u00e9v\u00e9nements - Wistitibox\",\"isPartOf\":{\"@id\":\"https:\\\/\\\/wistitibox.be\\\/#website\"},\"datePublished\":\"2024-09-07T16:51:33+00:00\",\"dateModified\":\"2025-12-16T14:38:53+00:00\",\"description\":\"Louez nos photomatons \u00e0 louer avec papier 10x15 et bandes 5x15, accessoires, filtres photos, gifs anim\u00e9s, vid\u00e9os, 4G, stockage et partage web\",\"breadcrumb\":{\"@id\":\"https:\\\/\\\/wistitibox.be\\\/?page_id=29209#breadcrumb\"},\"inLanguage\":\"fr-FR\",\"potentialAction\":[{\"@type\":\"ReadAction\",\"target\":[\"https:\\\/\\\/wistitibox.be\\\/?page_id=29209\"]}]},{\"@type\":\"BreadcrumbList\",\"@id\":\"https:\\\/\\\/wistitibox.be\\\/?page_id=29209#breadcrumb\",\"itemListElement\":[{\"@type\":\"ListItem\",\"position\":1,\"name\":\"Accueil\",\"item\":\"https:\\\/\\\/wistitibox.be\\\/\"},{\"@type\":\"ListItem\",\"position\":2,\"name\":\"Nos Tarifs\"}]},{\"@type\":\"WebSite\",\"@id\":\"https:\\\/\\\/wistitibox.be\\\/#website\",\"url\":\"https:\\\/\\\/wistitibox.be\\\/\",\"name\":\"Wistitibox\",\"description\":\"Le photomaton qui vous fait sourire !\",\"publisher\":{\"@id\":\"https:\\\/\\\/wistitibox.be\\\/#organization\"},\"potentialAction\":[{\"@type\":\"SearchAction\",\"target\":{\"@type\":\"EntryPoint\",\"urlTemplate\":\"https:\\\/\\\/wistitibox.be\\\/?s={search_term_string}\"},\"query-input\":{\"@type\":\"PropertyValueSpecification\",\"valueRequired\":true,\"valueName\":\"search_term_string\"}}],\"inLanguage\":\"fr-FR\"},{\"@type\":\"Organization\",\"@id\":\"https:\\\/\\\/wistitibox.be\\\/#organization\",\"name\":\"Wistitibox\",\"url\":\"https:\\\/\\\/wistitibox.be\\\/\",\"logo\":{\"@type\":\"ImageObject\",\"inLanguage\":\"fr-FR\",\"@id\":\"https:\\\/\\\/wistitibox.be\\\/#\\\/schema\\\/logo\\\/image\\\/\",\"url\":\"https:\\\/\\\/wistitibox.be\\\/wp-content\\\/uploads\\\/2023\\\/06\\\/logo-profil.png\",\"contentUrl\":\"https:\\\/\\\/wistitibox.be\\\/wp-content\\\/uploads\\\/2023\\\/06\\\/logo-profil.png\",\"width\":5064,\"height\":5925,\"caption\":\"Wistitibox\"},\"image\":{\"@id\":\"https:\\\/\\\/wistitibox.be\\\/#\\\/schema\\\/logo\\\/image\\\/\"},\"sameAs\":[\"https:\\\/\\\/www.facebook.com\\\/profile.php?id=100093981122246\",\"https:\\\/\\\/www.instagram.com\\\/wistitibox\\\/\"]}]}<\/script>\n<!-- \/ Yoast SEO Premium plugin. -->","yoast_head_json":{"title":"Profitez des Photomatons \u00e0 Louer pour vos \u00e9v\u00e9nements - Wistitibox","description":"Louez nos photomatons \u00e0 louer avec papier 10x15 et bandes 5x15, accessoires, filtres photos, gifs anim\u00e9s, vid\u00e9os, 4G, stockage et partage web","robots":{"index":"index","follow":"follow","max-snippet":"max-snippet:-1","max-image-preview":"max-image-preview:large","max-video-preview":"max-video-preview:-1"},"canonical":"https:\/\/wistitibox.be\/?page_id=29209","og_locale":"fr_FR","og_type":"article","og_title":"Nos Tarifs","og_description":"Louez nos photomatons \u00e0 louer avec papier 10x15 et bandes 5x15, accessoires, filtres photos, gifs anim\u00e9s, vid\u00e9os, 4G, stockage et partage web","og_url":"https:\/\/wistitibox.be\/?page_id=29209","og_site_name":"Wistitibox","article_publisher":"https:\/\/www.facebook.com\/profile.php?id=100093981122246","article_modified_time":"2025-12-16T14:38:53+00:00","twitter_card":"summary_large_image","twitter_misc":{"Dur\u00e9e de lecture estim\u00e9e":"1 minute"},"schema":{"@context":"https:\/\/schema.org","@graph":[{"@type":"WebPage","@id":"https:\/\/wistitibox.be\/?page_id=29209","url":"https:\/\/wistitibox.be\/?page_id=29209","name":"Profitez des Photomatons \u00e0 Louer pour vos \u00e9v\u00e9nements - Wistitibox","isPartOf":{"@id":"https:\/\/wistitibox.be\/#website"},"datePublished":"2024-09-07T16:51:33+00:00","dateModified":"2025-12-16T14:38:53+00:00","description":"Louez nos photomatons \u00e0 louer avec papier 10x15 et bandes 5x15, accessoires, filtres photos, gifs anim\u00e9s, vid\u00e9os, 4G, stockage et partage web","breadcrumb":{"@id":"https:\/\/wistitibox.be\/?page_id=29209#breadcrumb"},"inLanguage":"fr-FR","potentialAction":[{"@type":"ReadAction","target":["https:\/\/wistitibox.be\/?page_id=29209"]}]},{"@type":"BreadcrumbList","@id":"https:\/\/wistitibox.be\/?page_id=29209#breadcrumb","itemListElement":[{"@type":"ListItem","position":1,"name":"Accueil","item":"https:\/\/wistitibox.be\/"},{"@type":"ListItem","position":2,"name":"Nos Tarifs"}]},{"@type":"WebSite","@id":"https:\/\/wistitibox.be\/#website","url":"https:\/\/wistitibox.be\/","name":"Wistitibox","description":"Le photomaton qui vous fait sourire !","publisher":{"@id":"https:\/\/wistitibox.be\/#organization"},"potentialAction":[{"@type":"SearchAction","target":{"@type":"EntryPoint","urlTemplate":"https:\/\/wistitibox.be\/?s={search_term_string}"},"query-input":{"@type":"PropertyValueSpecification","valueRequired":true,"valueName":"search_term_string"}}],"inLanguage":"fr-FR"},{"@type":"Organization","@id":"https:\/\/wistitibox.be\/#organization","name":"Wistitibox","url":"https:\/\/wistitibox.be\/","logo":{"@type":"ImageObject","inLanguage":"fr-FR","@id":"https:\/\/wistitibox.be\/#\/schema\/logo\/image\/","url":"https:\/\/wistitibox.be\/wp-content\/uploads\/2023\/06\/logo-profil.png","contentUrl":"https:\/\/wistitibox.be\/wp-content\/uploads\/2023\/06\/logo-profil.png","width":5064,"height":5925,"caption":"Wistitibox"},"image":{"@id":"https:\/\/wistitibox.be\/#\/schema\/logo\/image\/"},"sameAs":["https:\/\/www.facebook.com\/profile.php?id=100093981122246","https:\/\/www.instagram.com\/wistitibox\/"]}]}},"_links":{"self":[{"href":"https:\/\/wistitibox.be\/index.php?rest_route=\/wp\/v2\/pages\/29209","targetHints":{"allow":["GET"]}}],"collection":[{"href":"https:\/\/wistitibox.be\/index.php?rest_route=\/wp\/v2\/pages"}],"about":[{"href":"https:\/\/wistitibox.be\/index.php?rest_route=\/wp\/v2\/types\/page"}],"author":[{"embeddable":true,"href":"https:\/\/wistitibox.be\/index.php?rest_route=\/wp\/v2\/users\/1"}],"replies":[{"embeddable":true,"href":"https:\/\/wistitibox.be\/index.php?rest_route=%2Fwp%2Fv2%2Fcomments&post=29209"}],"version-history":[{"count":5,"href":"https:\/\/wistitibox.be\/index.php?rest_route=\/wp\/v2\/pages\/29209\/revisions"}],"predecessor-version":[{"id":29250,"href":"https:\/\/wistitibox.be\/index.php?rest_route=\/wp\/v2\/pages\/29209\/revisions\/29250"}],"wp:attachment":[{"href":"https:\/\/wistitibox.be\/index.php?rest_route=%2Fwp%2Fv2%2Fmedia&parent=29209"}],"curies":[{"name":"wp","href":"https:\/\/api.w.org\/{rel}","templated":true}]}}